{"id":933,"date":"2016-03-29T10:34:13","date_gmt":"2016-03-29T08:34:13","guid":{"rendered":"http:\/\/www.matthias-hofmann.info\/?page_id=933"},"modified":"2016-04-04T16:58:44","modified_gmt":"2016-04-04T14:58:44","slug":"ue-army-service","status":"publish","type":"page","link":"http:\/\/www.matthias-hofmann.info\/?page_id=933","title":{"rendered":"UE Army Service"},"content":{"rendered":"<p style=\"text-align: justify;\"><span style=\"text-decoration: underline;\"><strong>Erl\u00e4uterung:<br \/>\n<\/strong><\/span>Der Unified Earth Army Service, kurz UEAS, stellt die Landstreitkr\u00e4fte der UES dar. Dem UEAS oder den planetaren Verteidigungskr\u00e4ften des Unified Earth Defense Service (UEDS) sind alle Infanterie- und Panzerverb\u00e4nde sowie sonstigen mechanisierten Einheiten zugeordnet. Hinzu kommen allerdings auch Pionier- und Logistikeinheiten, aber auch Werkstatt- und Reparaturverb\u00e4nde.<\/p>\n<p style=\"text-align: justify;\">Eine Luftwaffe (Airforce) im klassischen Sinne gibt es nicht. Die Luftverteidigung eines Planeten wird von dem UEDS mit\u00fcbernommen, wobei alle Raumj\u00e4gertypen zum Einsatz kommen, die auch von der Raumflotte (UEFS) eingesetzt werden. Was einfach ist, da alle Raumj\u00e4ger sogenannte transatmosph\u00e4re Flugeigenschaften besitzen.<\/p>\n<p style=\"text-align: justify;\"><strong><span style=\"text-decoration: underline;\">Verteilung:<\/span><br \/>\n<\/strong>Die UES unterh\u00e4lt fast zweihundert Kolonien und Au\u00dfenposten, die permanent gesch\u00fctzt werden m\u00fcssen. UEAS-Armeen findet man nur auf der Erde und den Planeten der Core-Systeme sowie wichtigen Kolonien. Planeten, die von eher untergeordneter Bedeutung sind, werden ausschlie\u00dflich von Einheiten des UEDS gesichert, die man allerdings auch auf den Hauptplaneten antrifft.<\/p>\n<p style=\"text-align: justify;\"><span style=\"text-decoration: underline;\"><strong>Gliederung:<br \/>\n<\/strong><\/span><span style=\"text-decoration: underline;\"><strong><em>Sonderverb\u00e4nde:<\/em><\/strong><\/span><\/p>\n<p style=\"text-align: justify;\"><span style=\"text-decoration: underline;\">Army Groups (AG):<\/span><br \/>\nArmeegruppen werden aus mehreren Armeen gebildet und unterstehen entweder einem General of the Army oder General Senior Grade. Gegenw\u00e4rtig (2355) sind keine Army Groups aktiv. Die letzten sind w\u00e4hrend dem Erde-Sidani-Krieg von der UES gebildet worden.<\/p>\n<p style=\"text-align: justify;\"><span style=\"text-decoration: underline;\">Mobile Expeditionary Forces (MEF):<\/span><br \/>\nMEFs sind schnelle Eingreiftruppen\/Expeditionskr\u00e4fte, die wie die Armeegruppen nur tempor\u00e4r gebildet werden, sofern ein besonderer Anlass daf\u00fcr vorliegt. Anl\u00e4sse k\u00f6nnen zum Beispiel Aufst\u00e4nde in den Kolonien sein, mit denen die \u00f6rtlich eingesetzten Armeeeinheiten nicht zurecht kommen oder Hilfseins\u00e4tze in den von Menschen bewohnten blockfreien Systemen.<\/p>\n<p><em><strong><span style=\"text-decoration: underline;\">Gliederung (UEAS\/UEMC\/UEDS):<\/span><\/strong><\/em><\/p>\n<table border=\"0\">\n<tbody>\n<tr>\n<td style=\"background-color: #6b7f94;\"><span style=\"color: #000000; font-size: x-small;\">Einheit<\/span><\/td>\n<td style=\"background-color: #6b7f94;\"><span style=\"color: #000000; font-size: x-small;\">St\u00e4rke<\/span><\/td>\n<td style=\"background-color: #6b7f94;\"><span style=\"color: #000000; font-size: x-small;\">Zusammensetzung<\/span><\/td>\n<td style=\"background-color: #6b7f94;\"><span style=\"color: #000000; font-size: x-small;\">Kommandeur<\/span><\/td>\n<\/tr>\n<tr>\n<td style=\"background-color: #b5cecc;\"><span style=\"color: #000000; font-size: x-small;\">Army<\/span><\/td>\n<td style=\"background-color: #b5cecc;\"><span style=\"color: #000000; font-size: x-small;\">281.250<\/span><\/td>\n<td style=\"background-color: #b5cecc;\"><span style=\"color: #000000; font-size: x-small;\">5 Corps<\/span><\/td>\n<td style=\"background-color: #b5cecc;\"><span style=\"color: #000000; font-size: x-small;\">General<\/span><\/td>\n<\/tr>\n<tr>\n<td style=\"background-color: #b5cecc;\"><span style=\"color: #000000; font-size: x-small;\">Corps<\/span><\/td>\n<td style=\"background-color: #b5cecc;\"><span style=\"color: #000000; font-size: x-small;\">56.250<\/span><\/td>\n<td style=\"background-color: #b5cecc;\"><span style=\"color: #000000; font-size: x-small;\">3 Divisions<\/span><\/td>\n<td style=\"background-color: #b5cecc;\"><span style=\"color: #000000; font-size: x-small;\">Lieutenant General<\/span><\/td>\n<\/tr>\n<tr>\n<td style=\"background-color: #b5cecc;\"><span style=\"color: #000000; font-size: x-small;\">Division<\/span><\/td>\n<td style=\"background-color: #b5cecc;\"><span style=\"color: #000000; font-size: x-small;\">18.750<\/span><\/td>\n<td style=\"background-color: #b5cecc;\"><span style=\"color: #000000; font-size: x-small;\">3 Brigades<\/span><\/td>\n<td style=\"background-color: #b5cecc;\"><span style=\"color: #000000; font-size: x-small;\">Major General<\/span><\/td>\n<\/tr>\n<tr>\n<td style=\"background-color: #b5cecc;\"><span style=\"color: #000000; font-size: x-small;\">Brigade<\/span><\/td>\n<td style=\"background-color: #b5cecc;\"><span style=\"color: #000000; font-size: x-small;\">6.250<\/span><\/td>\n<td style=\"background-color: #b5cecc;\"><span style=\"color: #000000; font-size: x-small;\">5 Batallions<\/span><\/td>\n<td style=\"background-color: #b5cecc;\"><span style=\"color: #000000; font-size: x-small;\">Brigadier General<\/span><\/td>\n<\/tr>\n<tr>\n<td style=\"background-color: #b5cecc;\"><span style=\"color: #000000; font-size: x-small;\">Batallion<\/span><\/td>\n<td style=\"background-color: #b5cecc;\"><span style=\"color: #000000; font-size: x-small;\">1.250<\/span><\/td>\n<td style=\"background-color: #b5cecc;\"><span style=\"color: #000000; font-size: x-small;\">5 Companies<\/span><\/td>\n<td style=\"background-color: #b5cecc;\"><span style=\"color: #000000; font-size: x-small;\">Colonel\/Lt Colonel\/Major<\/span><\/td>\n<\/tr>\n<tr>\n<td style=\"background-color: #b5cecc;\"><span style=\"color: #000000; font-size: x-small;\">Company<\/span><\/td>\n<td style=\"background-color: #b5cecc;\"><span style=\"color: #000000; font-size: x-small;\">250<\/span><\/td>\n<td style=\"background-color: #b5cecc;\"><span style=\"color: #000000; font-size: x-small;\">5 Platoons<\/span><\/td>\n<td style=\"background-color: #b5cecc;\"><span style=\"color: #000000; font-size: x-small;\">Captain<\/span><\/td>\n<\/tr>\n<tr>\n<td style=\"background-color: #b5cecc;\"><span style=\"color: #000000; font-size: x-small;\">Platoon<\/span><\/td>\n<td style=\"background-color: #b5cecc;\"><span style=\"color: #000000; font-size: x-small;\">50<\/span><\/td>\n<td style=\"background-color: #b5cecc;\"><span style=\"color: #000000; font-size: x-small;\">5 Squads<\/span><\/td>\n<td style=\"background-color: #b5cecc;\"><span style=\"color: #000000; font-size: x-small;\">1st oder 2nd Lieutenant<\/span><\/td>\n<\/tr>\n<tr>\n<td style=\"background-color: #b5cecc;\"><span style=\"color: #000000; font-size: x-small;\">Squad<\/span><\/td>\n<td style=\"background-color: #b5cecc;\"><span style=\"color: #000000; font-size: x-small;\">10<\/span><\/td>\n<td style=\"background-color: #b5cecc;\"><span style=\"color: #000000; font-size: x-small;\">2 Teams<\/span><\/td>\n<td style=\"background-color: #b5cecc;\"><span style=\"color: #000000; font-size: x-small;\">Staff Sergeant<\/span><\/td>\n<\/tr>\n<tr>\n<td style=\"background-color: #b5cecc;\"><span style=\"color: #000000; font-size: x-small;\">Team<\/span><\/td>\n<td style=\"background-color: #b5cecc;\"><span style=\"color: #000000; font-size: x-small;\">5<\/span><\/td>\n<td style=\"background-color: #b5cecc;\"><span style=\"color: #000000; font-size: x-small;\">&#8211;<\/span><\/td>\n<td style=\"background-color: #b5cecc;\"><span style=\"color: #000000; font-size: x-small;\">Sergeant<\/span><\/td>\n<\/tr>\n<\/tbody>\n<\/table>\n<p>Alle Einheiten, ab der sogenannten Brigade aufw\u00e4rts, stellen gemischte Verb\u00e4nde dar. Bei den Bataillonen hingegen handelt es sich im homogene Truppeneinheiten. Das hei\u00dft, es gibt nur reine Infanterie-, Panzer- oder Logistikbataillone.<\/p>\n<p><strong><span style=\"text-decoration: underline;\">Gepanzerte Fahrzeuge (Tanks):<\/span><\/strong><\/p>\n<table border=\"0\">\n<tbody>\n<tr>\n<td style=\"background-color: #6b7f94;\"><span style=\"color: #000000; font-size: x-small;\">Typ<\/span><\/td>\n<td style=\"background-color: #6b7f94;\"><span style=\"color: #000000; font-size: x-small;\">Bezeichnung<\/span><\/td>\n<td style=\"background-color: #6b7f94;\"><span style=\"color: #000000; font-size: x-small;\">Bewaffnung (Main)<\/span><\/td>\n<\/tr>\n<tr>\n<td style=\"background-color: #b5cecc;\"><span style=\"color: #000000; font-size: x-small;\">Heavy Battle Tank (HBT)<\/span><\/td>\n<td style=\"background-color: #b5cecc;\"><span style=\"color: #000000; font-size: x-small;\">M1 Centurion HBT<\/span><\/td>\n<td style=\"background-color: #b5cecc;\"><span style=\"color: #000000; font-size: x-small;\">2 x 1 127 mm MF-Railguns<\/span><\/td>\n<\/tr>\n<tr>\n<td style=\"background-color: #b5cecc;\"><span style=\"color: #000000; font-size: x-small;\">Medium Battle Tank (MBT)<\/span><\/td>\n<td style=\"background-color: #b5cecc;\"><span style=\"color: #000000; font-size: x-small;\">M2 Warrior MBT<\/span><\/td>\n<td style=\"background-color: #b5cecc;\"><span style=\"color: #000000; font-size: x-small;\">1 x 1 105 mm MF-Railgun<\/span><\/td>\n<\/tr>\n<tr>\n<td style=\"background-color: #b5cecc;\"><span style=\"color: #000000; font-size: x-small;\">Infantry Fighting Vehicle (IFV)<\/span><\/td>\n<td style=\"background-color: #b5cecc;\"><span style=\"color: #000000; font-size: x-small;\">M3 Scorpion IFV<\/span><\/td>\n<td style=\"background-color: #b5cecc;\"><span style=\"color: #000000; font-size: x-small;\">1 x 68 mm MF-Railgun<\/span><\/td>\n<\/tr>\n<tr>\n<td style=\"background-color: #b5cecc;\"><span style=\"color: #000000; font-size: x-small;\">Armored Fighting Vehicle (AFV)<\/span><\/td>\n<td style=\"background-color: #b5cecc;\"><span style=\"color: #000000; font-size: x-small;\">M5 Stryker AFV-A (8&#215;8)<\/span><\/td>\n<td style=\"background-color: #b5cecc;\"><span style=\"color: #000000; font-size: x-small;\">1 x 12,7 cm MF-Railgun<\/span><\/td>\n<\/tr>\n<tr>\n<td style=\"background-color: #b5cecc;\"><span style=\"color: #000000; font-size: x-small;\">Armored Fighting Vehicle (AFV)<\/span><\/td>\n<td style=\"background-color: #b5cecc;\"><span style=\"color: #000000; font-size: x-small;\">M5 Stryker AFV-B (4&#215;4, 6&#215;6)<\/span><\/td>\n<td style=\"background-color: #b5cecc;\"><span style=\"color: #000000; font-size: x-small;\">1 x 68 mm MF-Railguns<\/span><\/td>\n<\/tr>\n<tr>\n<td style=\"background-color: #b5cecc;\"><span style=\"color: #000000; font-size: x-small;\">Self-propelled Howitzer (SPH)<\/span><\/td>\n<td style=\"background-color: #b5cecc;\"><span style=\"color: #000000; font-size: x-small;\">M4 Paladin SPH<\/span><\/td>\n<td style=\"background-color: #b5cecc;\"><span style=\"color: #000000; font-size: x-small;\">1 x 155 mm MF-Railgun<\/span><\/td>\n<\/tr>\n<tr>\n<td style=\"background-color: #b5cecc;\"><span style=\"color: #000000; font-size: x-small;\">Armored Rocket Launch System (ARLS)<\/span><\/td>\n<td style=\"background-color: #b5cecc;\"><span style=\"color: #000000; font-size: x-small;\">M6 Scimitar ARLS<\/span><\/td>\n<td style=\"background-color: #b5cecc;\"><span style=\"color: #000000; font-size: x-small;\">10 x 1 Javelin-MF-Rockets<\/span><\/td>\n<\/tr>\n<tr>\n<td style=\"background-color: #b5cecc;\"><span style=\"color: #000000; font-size: x-small;\">All Terrain Vehicle (ATV)<\/span><\/td>\n<td style=\"background-color: #b5cecc;\"><span style=\"color: #000000; font-size: x-small;\">Cougar ATV<\/span><\/td>\n<td style=\"background-color: #b5cecc;\"><span style=\"color: #000000; font-size: x-small;\">verschiedene<\/span><\/td>\n<\/tr>\n<tr>\n<td style=\"background-color: #b5cecc;\"><span style=\"color: #000000; font-size: x-small;\">Armored Personal Carrier (APC)<\/span><\/td>\n<td style=\"background-color: #b5cecc;\"><span style=\"color: #000000; font-size: x-small;\">Leonidas APC<\/span><\/td>\n<td style=\"background-color: #b5cecc;\"><span style=\"color: #000000; font-size: x-small;\">verschiedene<\/span><\/td>\n<\/tr>\n<tr>\n<td style=\"background-color: #b5cecc;\"><span style=\"color: #000000; font-size: x-small;\">Infantry Mobility Vehicle (IMF)<\/span><\/td>\n<td style=\"background-color: #b5cecc;\"><span style=\"color: #000000; font-size: x-small;\">Jaguar IMF (4&#215;4, 6&#215;6)<\/span><\/td>\n<td style=\"background-color: #b5cecc;\"><span style=\"color: #000000; font-size: x-small;\">verschiedene<\/span><\/td>\n<\/tr>\n<\/tbody>\n<\/table>\n<p style=\"text-align: justify;\">MF-Railguns sind sogenannte Multifunktions- oder Mehrzweckwaffen. Sie k\u00f6nnen sowohl zur Bek\u00e4mpfung anderer gepanzerter Fahrzeuge, aber auch gegen Luftziele eingesetzt werden.<\/p>\n<p style=\"text-align: justify;\">Vom Stryker und Cougar abgesehen, handelt es sich bei allen Panzern um klassische Kettenfahrzeuge. Tests mit der Schwebetechnik sind bis zum heutigen Datum (2355) nicht \u00fcber das Experimentierstadium hinausgegangen, weil diese Panzer sich leider nicht als stabile Waffenplattformen herausgestellt haben. Die Technik der im Erde-Sidani-Krieg erbeuteten Schwebepanzer der Sidani konnte bisher nicht f\u00fcr die Erdstreitkr\u00e4fte adaptiert werden.<\/p>\n<p style=\"text-align: justify;\"><span style=\"text-decoration: underline;\"><strong>Helicopter:<\/strong><\/span><\/p>\n<table border=\"0\">\n<tbody>\n<tr>\n<td style=\"background-color: #6b7f94;\"><span style=\"color: #000000; font-size: x-small;\">Typ<\/span><\/td>\n<td style=\"background-color: #6b7f94;\"><span style=\"color: #000000; font-size: x-small;\">Bezeichnung<\/span><\/td>\n<td style=\"background-color: #6b7f94;\"><span style=\"color: #000000; font-size: x-small;\">Bewaffnung (Main)<\/span><\/td>\n<\/tr>\n<tr>\n<td style=\"background-color: #b5cecc;\"><span style=\"color: #000000; font-size: x-small;\">Attack Helicopter<\/span><\/td>\n<td style=\"background-color: #b5cecc;\"><span style=\"color: #000000; font-size: x-small;\">AH-70 Seraph<\/span><\/td>\n<td style=\"background-color: #b5cecc;\"><span style=\"color: #000000; font-size: x-small;\">Railguns, Raketen<\/span><\/td>\n<\/tr>\n<tr>\n<td style=\"background-color: #b5cecc;\"><span style=\"color: #000000; font-size: x-small;\">Attack Helicopter<\/span><\/td>\n<td style=\"background-color: #b5cecc;\"><span style=\"color: #000000; font-size: x-small;\">AH-30 Sentinel<\/span><\/td>\n<td style=\"background-color: #b5cecc;\"><span style=\"color: #000000; font-size: x-small;\">Railguns, Raketen<\/span><\/td>\n<\/tr>\n<tr>\n<td style=\"background-color: #b5cecc;\"><span style=\"color: #000000; font-size: x-small;\">Reconaissance Helicopter<\/span><\/td>\n<td style=\"background-color: #b5cecc;\"><span style=\"color: #000000; font-size: x-small;\">RH-10 Pathfinder<\/span><\/td>\n<td style=\"background-color: #b5cecc;\"><span style=\"color: #000000; font-size: x-small;\">Railguns, Raketen<\/span><\/td>\n<\/tr>\n<tr>\n<td style=\"background-color: #b5cecc;\"><span style=\"color: #000000; font-size: x-small;\">Utility Helicopter<\/span><\/td>\n<td style=\"background-color: #b5cecc;\"><span style=\"color: #000000; font-size: x-small;\">UH-20 Black Hawk<\/span><\/td>\n<td style=\"background-color: #b5cecc;\"><span style=\"color: #000000; font-size: x-small;\">Railguns<\/span><\/td>\n<\/tr>\n<tr>\n<td style=\"background-color: #b5cecc;\"><span style=\"color: #000000; font-size: x-small;\">Utility Helicopter<\/span><\/td>\n<td style=\"background-color: #b5cecc;\"><span style=\"color: #000000; font-size: x-small;\">UH-40 Lakota<\/span><\/td>\n<td style=\"background-color: #b5cecc;\"><span style=\"color: #000000; font-size: x-small;\">Railguns<\/span><\/td>\n<\/tr>\n<tr>\n<td style=\"background-color: #b5cecc;\"><span style=\"color: #000000; font-size: x-small;\">Heavy-lift Cargo Helicopter<\/span><\/td>\n<td style=\"background-color: #b5cecc;\"><span style=\"color: #000000; font-size: x-small;\">CH-60 Superhawk <\/span><\/td>\n<td style=\"background-color: #b5cecc;\"><span style=\"color: #000000; font-size: x-small;\">-\/-<\/span><\/td>\n<\/tr>\n<tr>\n<td style=\"background-color: #b5cecc;\"><span style=\"color: #000000; font-size: x-small;\">Cargo Helicopter<\/span><\/td>\n<td style=\"background-color: #b5cecc;\"><span style=\"color: #000000; font-size: x-small;\">CH-50 Hawk<\/span><\/td>\n<td style=\"background-color: #b5cecc;\"><span style=\"color: #000000; font-size: x-small;\">-\/-<\/span><\/td>\n<\/tr>\n<\/tbody>\n<\/table>\n<p style=\"text-align: justify;\"><span style=\"text-decoration: underline;\"><strong>Stellar Army Transporter:<\/strong><\/span><\/p>\n<table border=\"0\">\n<tbody>\n<tr>\n<td style=\"background-color: #6b7f94;\"><span style=\"color: #000000; font-size: x-small;\">Typ<\/span><\/td>\n<td style=\"background-color: #6b7f94;\"><span style=\"color: #000000; font-size: x-small;\">Bezeichnung<\/span><\/td>\n<td style=\"background-color: #6b7f94;\"><span style=\"color: #000000; font-size: x-small;\">Bewaffnung<\/span><\/td>\n<td style=\"background-color: #6b7f94;\"><span style=\"color: #000000; font-size: x-small;\">Ladung<\/span><\/td>\n<\/tr>\n<tr>\n<td style=\"background-color: #b5cecc;\"><span style=\"color: #000000; font-size: x-small;\">Stellar Army Transporter<\/span><\/td>\n<td style=\"background-color: #b5cecc;\"><span style=\"color: #000000; font-size: x-small;\">SAT-100 Falcon<\/span><\/td>\n<td style=\"background-color: #b5cecc;\"><span style=\"color: #000000; font-size: x-small;\">Railguns, Raketen<\/span><\/td>\n<td style=\"background-color: #b5cecc;\"><span style=\"color: #000000; font-size: x-small;\">Truppen, Panzer oder Helicopter<\/span><\/td>\n<\/tr>\n<\/tbody>\n<\/table>\n<p>&nbsp;<\/p>\n<p>&nbsp;<\/p>\n<p>&nbsp;<\/p>\n<p>&nbsp;<\/p>\n","protected":false},"excerpt":{"rendered":"<p>Erl\u00e4uterung: Der Unified Earth Army Service, kurz UEAS, stellt die Landstreitkr\u00e4fte der UES dar. Dem UEAS oder den planetaren Verteidigungskr\u00e4ften des Unified Earth Defense Service (UEDS) sind alle Infanterie- und Panzerverb\u00e4nde sowie sonstigen mechanisierten Einheiten zugeordnet. Hinzu kommen allerdings auch &hellip; <a href=\"http:\/\/www.matthias-hofmann.info\/?page_id=933\">Weiterlesen <span class=\"meta-nav\">&rarr;<\/span><\/a><\/p>\n","protected":false},"author":3,"featured_media":0,"parent":73,"menu_order":2,"comment_status":"closed","ping_status":"closed","template":"","meta":{"footnotes":""},"class_list":["post-933","page","type-page","status-publish","hentry"],"_links":{"self":[{"href":"http:\/\/www.matthias-hofmann.info\/index.php?rest_route=\/wp\/v2\/pages\/933","targetHints":{"allow":["GET"]}}],"collection":[{"href":"http:\/\/www.matthias-hofmann.info\/index.php?rest_route=\/wp\/v2\/pages"}],"about":[{"href":"http:\/\/www.matthias-hofmann.info\/index.php?rest_route=\/wp\/v2\/types\/page"}],"author":[{"embeddable":true,"href":"http:\/\/www.matthias-hofmann.info\/index.php?rest_route=\/wp\/v2\/users\/3"}],"replies":[{"embeddable":true,"href":"http:\/\/www.matthias-hofmann.info\/index.php?rest_route=%2Fwp%2Fv2%2Fcomments&post=933"}],"version-history":[{"count":15,"href":"http:\/\/www.matthias-hofmann.info\/index.php?rest_route=\/wp\/v2\/pages\/933\/revisions"}],"predecessor-version":[{"id":952,"href":"http:\/\/www.matthias-hofmann.info\/index.php?rest_route=\/wp\/v2\/pages\/933\/revisions\/952"}],"up":[{"embeddable":true,"href":"http:\/\/www.matthias-hofmann.info\/index.php?rest_route=\/wp\/v2\/pages\/73"}],"wp:attachment":[{"href":"http:\/\/www.matthias-hofmann.info\/index.php?rest_route=%2Fwp%2Fv2%2Fmedia&parent=933"}],"curies":[{"name":"wp","href":"https:\/\/api.w.org\/{rel}","templated":true}]}}