{"id":91,"date":"2013-04-14T17:52:30","date_gmt":"2013-04-14T15:52:30","guid":{"rendered":"http:\/\/www.matthias-hofmann.info\/?page_id=91"},"modified":"2025-10-15T23:08:15","modified_gmt":"2025-10-15T21:08:15","slug":"2000-2090","status":"publish","type":"page","link":"http:\/\/www.matthias-hofmann.info\/?page_id=91","title":{"rendered":"2025 &#8211; 2090"},"content":{"rendered":"<p style=\"text-align: justify;\"><strong>2025<\/strong><br \/>\nDie Erde ist stark besiedelt und die Bev\u00f6lkerung leidet zunehmend unter stetig anwachsenden Rohstoffengp\u00e4ssen sowie Umweltproblemen, die aufgrund fundamentaler klimatischer Ver\u00e4nderungen zus\u00e4tzlich verst\u00e4rkt werden.<\/p>\n<p style=\"text-align: justify;\"><strong>22. Juni 2027<br \/>\n<\/strong>Mit den Genfer Vertr\u00e4gen gr\u00fcnden die europ\u00e4ischen Staaten die Europ\u00e4ische F\u00f6deration (European Federation; EF) als einen souver\u00e4nen Staat mit Hauptsitz in Genf. Die EF avanciert zwar in k\u00fcrzester Zeit zu einer der einflussreichsten M\u00e4chte auf der Erde, jedoch hat sie gerade zu Beginn mit einigen internen Problemen zu k\u00e4mpfen.<\/p>\n<p style=\"text-align: justify;\">Als direkte Reaktion auf dieses Ereignis schlie\u00dfen sich mehrere europ\u00e4ische R\u00fcstungs-konzerne zu dem Unternehmen United European Aerospace Systems (UEAe Systems) zusammen.<\/p>\n<p style=\"text-align: justify;\"><strong>17. Mai 2030<br \/>\n<\/strong>Gr\u00fcndung der International Space Exploration and Colonization Agency (ISECA) durch den Zusammenschluss s\u00e4mtlicher staatlicher wie gro\u00dfer privater Raumfahrtorganisationen der Erde.<\/p>\n<p style=\"text-align: justify;\">Hintergrund sind die hohen Kosten und die best\u00e4ndig knapper werdenden Rohstoff- reserven der Erde, die ein selbstst\u00e4ndiges Agieren mehrerer unabh\u00e4ngiger Agenturen nebeneinander nahezu unm\u00f6glich machen.<\/p>\n<p style=\"text-align: justify;\">Das n\u00e4chstliegende Ziel der ISECA ist die erste bemannte Mission zum Mars sowie die Kolonisierung des Mondes.<\/p>\n<p style=\"text-align: justify;\"><strong>2035<br \/>\n<\/strong>Der Bau der Raumstation <em>ISS 2<\/em> ist beschlossene Sache. Die Station soll bis 2042 fertiggestellt sein und durch den Anbau von Rotationselementen erstmals \u00fcber k\u00fcnstliche Schwerkraft verf\u00fcgen.<\/p>\n<p style=\"text-align: justify;\"><strong>15. Juli 2037<br \/>\n<\/strong><span style=\"text-decoration: underline;\">Gr\u00fcndung der Nordamerikanischen Konf\u00f6deration:<\/span> Unter dem Eindruck der immer erfolgreicher arbeitenden Europ\u00e4ischen F\u00f6deration und des laufend zur\u00fcckgehenden Einflusses der Vereinigten Staaten, beschlie\u00dfen die Regierungen der drei nordamerikanischen L\u00e4nder die Gr\u00fcndung der Nordamerikanischen Konf\u00f6deration (North American Confederation; NAC) mit Hauptsitz in Toronto.<\/p>\n<p style=\"text-align: justify;\"><strong>22. M\u00e4rz 2038<br \/>\n<\/strong><span style=\"text-decoration: underline;\">Gr\u00fcndung der Mond-Basis:<\/span> Auf dem Mond wird die Luna-Basis eingerichtet. Diese Einrichtung ist die erste feste interplanetare Siedlung der Menschheit, die neben Forschungsaufgaben auch zum Abbau der Helium-3-Vorkommen auf dem Mond dient, dass f\u00fcr die Kernfusionsforschung auf der Erde unerl\u00e4sslich ist.<\/p>\n<p style=\"text-align: justify;\"><strong>17. Juli 2038<br \/>\n<\/strong>Die <em>ISS 2<\/em> nimmt offiziell den Betrieb auf, auch wenn der Ausbau weitergeht.<\/p>\n<p style=\"text-align: justify;\"><strong>24. August 2039<br \/>\n<\/strong><span style=\"text-decoration: underline;\">Erste bemannte Mars-Mission:<\/span> Unter dem Kommando von Captain Monica Baker erreicht das Raumschiff <em>ISRV<\/em> <em>Aurora-Orion<\/em> erreicht den Mars. Baker und ihr Team landen auf dem Planeten und f\u00fchren monatelange, wichtige Forschungen durch. Sie kehren wohlbehalten zur Erde zur\u00fcck.<\/p>\n<p>ISRV = International Space Research Vessel<\/p>\n<p style=\"text-align: justify;\"><strong>2040<br \/>\n<\/strong>Die Rohstoffsituation auf der Erde ist mittlerweile \u00e4u\u00dferst angespannt und die Gefahr von gr\u00f6\u00dferen Konflikten w\u00e4chst.<\/p>\n<p style=\"text-align: justify;\">Zahlreiche G\u00fcter m\u00fcssen bereits reglementiert werden und stehen weiten Teilen der Zivil-bev\u00f6lkerung nicht mehr zur Verf\u00fcgung. Forschung und Milit\u00e4r bekommen die oberste Priorit\u00e4t zugestanden, wodurch weltweite Notstandverordnungen unumg\u00e4nglich geworden sind.<\/p>\n<p style=\"text-align: justify;\"><strong>September 2042<\/strong><br \/>\nIn der Nordamerikanischen Konf\u00f6deration formieren sich zwei der k\u00fcnftig erfolg- und einflussreichsten Konzerne der Erde. Dies sind zum einem die LMNG Group LLC, und zum anderem United American Dynamics (UAD).<\/p>\n<p><strong>07. M\u00e4rz 2043<br \/>\n<\/strong>Die Staaten in Mittelamerika und der Karibik schlie\u00dfen sich zu der Zentralamerikanischen- und Karibischen Union\u00a0 zusammen (Central American and Caribbean Union, CACU).<\/p>\n<p><strong>12. August 2045<br \/>\n<\/strong>Gr\u00fcndung der S\u00fcdamerikanischen Allianz (South American Alliance, SAA).<\/p>\n<p style=\"text-align: justify;\"><strong>25. November 2047<br \/>\n<\/strong><span style=\"text-decoration: underline;\">Bemannte Jupiter-Mission:<\/span> Unter dem Kommando von Captain David Lockhart und Captain Monica Baker erreicht die <em>ISRV Venture<\/em> den Jupiter. Die Crew sammelt wertvolle Daten \u00fcber den Planeten und seinen Monden. Nach einem mehrmonatigen Aufenthalt kehrt die <em>Venture<\/em> sicher zur Erde zur\u00fcck, da der geplante Weiterflug zum Saturn wegen technischer Probleme nicht realisiert werden kann.<\/p>\n<p style=\"text-align: justify;\"><strong>17.05.2048<br \/>\n<\/strong><span style=\"text-decoration: underline;\">Gr\u00fcndung der Mond-Kolonie:<\/span> Die Luna-Base wird zu einer festen Siedlung mit dem Namen Luna City ausgebaut, in der zu Beginn kaum einhundert Menschen leben. Noch im selben Jahr wird mit Armstrong eine weitere Siedlung gegr\u00fcndet, die als Testlauf f\u00fcr die anstehende Marskolonisierung dient.<\/p>\n<p style=\"text-align: justify;\">Der Helium-3-Abbau wird unterdessen deutlich forciert, da die Forschungen an der Kern- fusion inzwischen enorme Fortschritte gemacht haben.<\/p>\n<p style=\"text-align: justify;\"><strong>10. September 2049<br \/>\n<\/strong>Erster erfolgreicher Testlauf mit einem Fusionsreaktor in der Europ\u00e4ischen F\u00f6deration.<\/p>\n<p style=\"text-align: justify;\"><strong>2050<br \/>\n<\/strong>Der Klimawandel beginnt sich nun voll auszuwirken. Weltweit sind die Gletscher gr\u00f6\u00dftenteils weggeschmolzen. Die gro\u00dfen Fl\u00fcsse und Seen der Erde f\u00fchren vor allem in den Sommermonaten kaum noch Wasser und die landwirtschaftliche Anbaufl\u00e4che verringert sich rasend schnell, ebenso sinkt der Grundwasserspiegel.<\/p>\n<p style=\"text-align: justify;\">Millionen Menschen sind auf der Suche nach einem besseren Platz zum Leben.<\/p>\n<p style=\"text-align: justify;\"><strong>20. April 2051<br \/>\n<\/strong>Australien, Neuseeland, Japan, Neuguinea und die noch existierenden Inselstaaten im Pazifik schlie\u00dfen sich zu der Pazifischen Union (Pacific Union; PU) mit Hauptsitz in Port Moresby zusammen.<\/p>\n<p style=\"text-align: justify;\">Japanische und australische Unternehmen gr\u00fcnden die Union Defense Group Ltd. (UDG).<\/p>\n<p style=\"text-align: justify;\"><strong>22. Juni 2052<br \/>\n<\/strong><span style=\"text-decoration: underline;\">Gr\u00fcndung der Mars-Kolonie:<\/span> Mit Baker City wird nahe der Syria-Planum-Ebene die erste menschliche Siedlung auf dem Mars gegr\u00fcndet. Innerhalb kurzer Zeit folgen die Siedlungen Aurora, Olympus und Progress City.<\/p>\n<p style=\"text-align: justify;\"><strong>12. August 2054<br \/>\n<\/strong><span style=\"text-decoration: underline;\">Saturn- und Uranus-Mission:<\/span> Unter dem Kommando von Captain John Abrams erreicht die <em>ISRV<\/em> <em>Enterprise<\/em> den Saturn und wenige Monate sp\u00e4ter auch den Uranus.<\/p>\n<p style=\"text-align: justify;\"><strong>21. Juli 2059<br \/>\n<\/strong><span style=\"text-decoration: underline;\">Neptun-Mission:<\/span> Auf ihrer zweiten Mission erreicht die <em>Enterprise<\/em> unter dem gemeinsamen Kommando von Captain John Abrams und Captain Takeo Tanaka den Planeten Neptun.<\/p>\n<p style=\"text-align: justify;\"><strong>2060<br \/>\n<\/strong>Durch den umfangreichen Einsatz der Fusionstechnologie kann zumindest die Energiekrise auf der Erde endlich abgewendet werden, w\u00e4hrend die Situation bei den Rohstoffen weiterhin angespannt bleibt.<\/p>\n<p style=\"text-align: justify;\"><strong>21. Februar 2065<br \/>\n<\/strong>Errichtung der Seraphim-Bergbaubasis im Jupiter-Asteroidenfeld.<\/p>\n<p style=\"text-align: justify;\"><strong>16. April 2072<br \/>\n<\/strong>Gr\u00fcndung der Vereinigten Islamischen Liga (United Islamic League, UIL), die ihren Hauptsitz in Kairo hat. Die Staaten Afrikas verfahren \u00e4hnlich und gr\u00fcnden die Afrikanische F\u00f6deration (African Federation; AF), wobei einige Mitgliedsl\u00e4nder eine doppelte Zugeh\u00f6rigkeit haben.<\/p>\n<p style=\"text-align: justify;\">Die AF gr\u00fcndet das Unternehmen United Defense &amp; Aerospace Industries (UDAI), an dem sich auch die UIL beteiligt.<\/p>\n<p style=\"text-align: justify;\"><strong>11. Mai 2077<br \/>\n<\/strong><span style=\"text-decoration: underline;\">Mission zur Grenze des Sol-Systems:<\/span> Die <em>ISRV Discovery<\/em> erreicht unter dem Kommando von Captain Alexandra Hawthorn den Pluto. Sie erforscht auch die zahlreichen Zwergplaneten am Rande des Sonnensystems sowie den Kuiper-Asteroideng\u00fcrtel.<\/p>\n<p><em><strong>Die Grenze des Sol-Systems ist damit erreicht<\/strong><\/em>.<\/p>\n<p style=\"text-align: justify;\"><strong>24. August 2084<\/strong><br \/>\nBildung des Asiatischen Commonwealth (Asian Commonwealth; AC), dem sich auch die durch den Klimawandel schwer mitgenommenen Gro\u00dfm\u00e4chte Indien und China anschlie\u00dfen m\u00fcssen.<\/p>\n<p style=\"text-align: justify;\">Zeitgleich gr\u00fcndet die AC das Unternehmen Asian Defense Industries Ltd. (ADI), das als Gegenpart zu den Konzernen der \u00fcbrigen Staatenkonglomerate gedacht ist.<\/p>\n<p style=\"text-align: justify;\"><strong>2085<br \/>\n<\/strong>Die ISECA ruft das Deep Space Exploration Program (DSEP) ins Leben.<\/p>\n<p style=\"text-align: justify;\">Ziel ist die weitere bemannte Erforschung des Alls. Dazu werden die Astronauten in K\u00e4lteschlaf versetzt, und die Raumschiffe auf Autopilot gestellt. Dieser ist darauf eingestellt, den Kurs zu \u00e4ndern, sobald fremde Signale aufgenommen werden.<\/p>\n<p style=\"text-align: justify;\">In schneller Folge starten die Schiffe <em>ISRV<\/em> <em>Copernicus<\/em>, <em>ISRV<\/em> <em>Armstrong<\/em>, <em>ISRV<\/em> <em>Kepler<\/em>, <em>ISRV<\/em> <em>Gagarin<\/em>, <em>ISRV<\/em> <em>Leonov<\/em>, <em>ISRV<\/em> <em>Tereshkova<\/em> und <em>ISRV<\/em> <em>Tsiolkovsky<\/em>.<\/p>\n<p style=\"text-align: justify;\"><strong>2088<br \/>\n<\/strong>Nacheinander starten die Raumschiffe <em>ISRV<\/em> <em>Columbus<\/em>, <em>ISRV<\/em> <em>Magellan<\/em>, <em>ISRV<\/em> <em>Da Gama<\/em> und <em>ISRV<\/em> <em>Cook<\/em> ins All. Es sind Vertreter eines verbesserten Copernicus-Typs, allerdings bliebt ihre Mission \u00e4hnlich erfolglos, wie die vorangegangene Copernicus-Mission.<\/p>\n<p style=\"text-align: justify;\">Das DSEP-Programm wird schlie\u00dflich eingestellt. Auch bleibt das Schicksal all dieser Schiffe und ihrer Mannschaften unbekannt.<\/p>\n<p style=\"text-align: justify;\"><strong>2090<br \/>\n<\/strong>Im ganzen Sonnensystem sind menschliche Kolonien entstanden. Auf der Erde leben mehr als sieben Milliarden Menschen, auf dem Mond sind es 125.000, und auf dem Mars bereits \u00fcber eine Million, und weitere 47.000 auf den Monden und Stationen rund um die Gasriesen Jupiter und Saturn.<\/p>\n<p><em><strong>Zur weiteren bemannten Erforschung des Alls fehlt den Menschen das dazu n\u00f6tige technische und wissenschaftliche Verst\u00e4ndnis und Wissen.<\/strong><\/em><\/p>\n","protected":false},"excerpt":{"rendered":"<p>2025 Die Erde ist stark besiedelt und die Bev\u00f6lkerung leidet zunehmend unter stetig anwachsenden Rohstoffengp\u00e4ssen sowie Umweltproblemen, die aufgrund fundamentaler klimatischer Ver\u00e4nderungen zus\u00e4tzlich verst\u00e4rkt werden. 22. Juni 2027 Mit den Genfer Vertr\u00e4gen gr\u00fcnden die europ\u00e4ischen Staaten die Europ\u00e4ische F\u00f6deration (European &hellip; <a href=\"http:\/\/www.matthias-hofmann.info\/?page_id=91\">Weiterlesen <span class=\"meta-nav\">&rarr;<\/span><\/a><\/p>\n","protected":false},"author":3,"featured_media":0,"parent":40,"menu_order":2,"comment_status":"closed","ping_status":"closed","template":"sidebar-page.php","meta":{"footnotes":""},"class_list":["post-91","page","type-page","status-publish","hentry"],"_links":{"self":[{"href":"http:\/\/www.matthias-hofmann.info\/index.php?rest_route=\/wp\/v2\/pages\/91","targetHints":{"allow":["GET"]}}],"collection":[{"href":"http:\/\/www.matthias-hofmann.info\/index.php?rest_route=\/wp\/v2\/pages"}],"about":[{"href":"http:\/\/www.matthias-hofmann.info\/index.php?rest_route=\/wp\/v2\/types\/page"}],"author":[{"embeddable":true,"href":"http:\/\/www.matthias-hofmann.info\/index.php?rest_route=\/wp\/v2\/users\/3"}],"replies":[{"embeddable":true,"href":"http:\/\/www.matthias-hofmann.info\/index.php?rest_route=%2Fwp%2Fv2%2Fcomments&post=91"}],"version-history":[{"count":22,"href":"http:\/\/www.matthias-hofmann.info\/index.php?rest_route=\/wp\/v2\/pages\/91\/revisions"}],"predecessor-version":[{"id":1340,"href":"http:\/\/www.matthias-hofmann.info\/index.php?rest_route=\/wp\/v2\/pages\/91\/revisions\/1340"}],"up":[{"embeddable":true,"href":"http:\/\/www.matthias-hofmann.info\/index.php?rest_route=\/wp\/v2\/pages\/40"}],"wp:attachment":[{"href":"http:\/\/www.matthias-hofmann.info\/index.php?rest_route=%2Fwp%2Fv2%2Fmedia&parent=91"}],"curies":[{"name":"wp","href":"https:\/\/api.w.org\/{rel}","templated":true}]}}