{"id":75,"date":"2013-04-14T12:35:30","date_gmt":"2013-04-14T10:35:30","guid":{"rendered":"http:\/\/www.matthias-hofmann.info\/?page_id=75"},"modified":"2015-06-14T15:26:52","modified_gmt":"2015-06-14T13:26:52","slug":"union","status":"publish","type":"page","link":"http:\/\/www.matthias-hofmann.info\/?page_id=75","title":{"rendered":"Union"},"content":{"rendered":"<p style=\"text-align: center;\"><span style=\"text-decoration: underline;\"><strong>RANA-UNION (RU):<br \/>\n<\/strong><\/span><strong>UNION UNABH\u00c4NGIGER SYSTEME<br \/>\n<\/strong><\/p>\n<p style=\"text-align: left;\"><span style=\"text-decoration: underline;\"><strong>Hauptdaten:<br \/>\n<\/strong><\/span><\/p>\n<table border=\"0\" cellpadding=\"3\">\n<tbody>\n<tr>\n<td style=\"background-color: #b5cecc;\"><span style=\"color: #000000; font-size: x-small;\">Hauptsystem:<\/span><\/td>\n<td style=\"background-color: #b5cecc;\"><span style=\"color: #000000; font-size: x-small;\">Rana (Delta Eridani)<\/span><\/td>\n<\/tr>\n<tr>\n<td style=\"background-color: #b5cecc;\"><span style=\"color: #000000; font-size: x-small;\">Hauptplanet:<\/span><\/td>\n<td style=\"background-color: #b5cecc;\"><span style=\"color: #000000; font-size: x-small;\">Rana Prime<\/span><\/td>\n<\/tr>\n<tr>\n<td style=\"background-color: #b5cecc;\"><span style=\"color: #000000; font-size: x-small;\">Hauptstadt:<\/span><\/td>\n<td style=\"background-color: #b5cecc;\"><span style=\"color: #000000; font-size: x-small;\">New Moscow<\/span><\/td>\n<\/tr>\n<tr>\n<td style=\"background-color: #b5cecc;\"><span style=\"color: #000000; font-size: x-small;\">Politisches System:<\/span><\/td>\n<td style=\"background-color: #b5cecc;\"><span style=\"color: #000000; font-size: x-small;\">Oligarchie<\/span><\/td>\n<\/tr>\n<tr>\n<td style=\"background-color: #b5cecc;\"><span style=\"color: #000000; font-size: x-small;\">Gegr\u00fcndet:<\/span><\/td>\n<td style=\"background-color: #b5cecc;\"><span style=\"color: #000000; font-size: x-small;\">07.11.2316<\/span><\/td>\n<\/tr>\n<tr>\n<td style=\"background-color: #b5cecc;\"><span style=\"color: #000000; font-size: x-small;\">Einwohner:<\/span><\/td>\n<td style=\"background-color: #b5cecc;\"><span style=\"color: #000000; font-size: x-small;\">2,15 Milliarden Menschen<\/span><\/td>\n<\/tr>\n<tr>\n<td style=\"background-color: #b5cecc;\"><span style=\"color: #000000; font-size: x-small;\">Systeme:<\/span><\/td>\n<td style=\"background-color: #b5cecc;\"><span style=\"color: #000000; font-size: x-small;\">8 Kolonien \/ 2 Au\u00dfenposten<\/span><\/td>\n<\/tr>\n<\/tbody>\n<\/table>\n<p style=\"text-align: justify;\">Es war ein gewagtes Spiel, dass der Oligarch Anatoly Serailov da betrieb, als er und seine Oligarchenfreunde die Union von Rana gr\u00fcndeten. Unter normalen Umst\u00e4nden h\u00e4tte es gar nicht funktionieren d\u00fcrfen, doch der einbrechende Erde-Sidani-Krieg erm\u00f6glichte dies, weil die UES nicht mehr entscheidend dagegen vorgehen konnte. So blieb die Union nicht nur auf das Rana-System selbst beschr\u00e4nkt, sondern konnte sogar weitere Systeme zum Austritt aus der UES bewegen, wie zum Beispiel das wichtige System Kappa Ceti, dass zu einer wertvollen St\u00fctze der Union avancierte.<\/p>\n<p style=\"text-align: justify;\">Die Bewohner von Kappa Ceti, aber auch von Rana und all den anderen Systemen, waren eigentlich der Meinung, ihre Stellung durch die Begr\u00fcndung der Union zu verbessern, aber die Machthaber rund um Serailov liesen die Dinge schleifen. Die Oligarchen begn\u00fcgen sich mit der nominellen Oberhoheit und wirtschaften vorwiegend in ihre eigenen Taschen, w\u00e4hrend f\u00fcr alle anderen Ressorts, nur das Allernotwendigste aufgewendet wird.<\/p>\n<p style=\"text-align: justify;\">Unabh\u00e4ngigkeitsbestrebungen unterdr\u00fccken die Oligarchen allerdings mit harter Hand, trotz oder gerade wegen ihrer beschr\u00e4nkten au\u00dfenpolitischen M\u00f6glichkeiten. Gegen\u00fcber ihren au\u00dferirdischen Nachbarn betreibt die Union gar eine offen expansionistische Politik, die vor allem die friedliebenden und milit\u00e4risch schwach aufgestellten Siral aushalten m\u00fcssen. Doch zum Leidwesen der Union, werden die Siral und Vadai von den N&#8217;dari wirkungsvoll unterst\u00fctzt, wodurch die Oligarchen nur durch eigene Kolonisierung das eigene Staatsgebiet etwas ausweiten k\u00f6nnen.<\/p>\n<p style=\"text-align: justify;\">Die Union gilt als schwach und ist eine Brutst\u00e4tte f\u00fcr Raumpiraterie und Schmuggler. Der Geheimdienst der UES geht zwar davon aus, dass die Union auf lange Sicht gesehen, nicht bestehen kann &#8211; aber noch f\u00fcr eine ganze Weile an der Peripherie, der von Menschen bewohnten Raumsektoren, existieren wird.<\/p>\n<p style=\"text-align: justify;\"><span style=\"text-decoration: underline;\"><strong>United Self-Defense Force (USDF):<br \/>\n<\/strong><\/span>Die USDF sind \u00e4hnlich aufgebaut, wie ihre Pendants von UES oder Allianz. Allerdings ist das Milit\u00e4r in der Union weit weniger professionell aufgestellt. So leiden die USDF unter einer chronischen Unterfinanzierung, hinzu kommt der mangelhafte Ausbildungsgrad der Mannschaften sowie die wenig ausgereifte technische Ausr\u00fcstung der Raumschiffe und Bodentruppen. <strong><\/strong><\/p>\n<p style=\"text-align: justify;\">Der Schutz der Union ist durch die USDF nur sehr unzureichend m\u00f6glich, und die Union muss sich immer wieder auf die milit\u00e4rische Schlagkraft der UES verlassen, um von ihren Nachbarn, mit denen die Union immer wieder \u00c4rger sucht, nicht \u00fcberw\u00e4ltigt zu werden.<\/p>\n<p><em><span style=\"text-decoration: underline;\"><strong>Raumflotte:<\/strong><\/span><br \/>\n<\/em>Die United Space Forces (USF) sind der gr\u00f6\u00dfte Teil der USDF, aber im Vergleich zu den Raumflotten der etablierten M\u00e4chte, ist die USF sehr schwach aufgestellt.<strong><\/strong><span style=\"text-decoration: underline;\"><strong><em><br \/>\n<\/em><\/strong><\/span><\/p>\n<p style=\"text-align: justify;\">Die Schiffsklassen der Union haben einen recht langen Lebenszyklus, was jedoch nicht mit einer hohen Baurate gleichbedeutend ist. Aufgrund der langen Produktionszeit k\u00f6nnen die technischen Unterschiede innerhalb einer Klasse gro\u00df sein, ohne das die Schiffe freilich dem interstellaren Standard entsprechen w\u00fcrden.<\/p>\n<p style=\"text-align: justify;\">Alle Schiffe der Union tragen das USS-Pr\u00e4fix im Namen, was f\u00fcr United States Ship steht.<\/p>\n<table border=\"0\" cellpadding=\"3\">\n<tbody>\n<tr>\n<td style=\"background-color: #859cad;\"><span style=\"color: #000000; font-size: x-small;\">Klasse<\/span><\/td>\n<td style=\"background-color: #859cad;\"><span style=\"color: #000000; font-size: x-small;\">Typ<\/span><\/td>\n<td style=\"background-color: #859cad;\"><span style=\"color: #000000; font-size: x-small;\">Baujahr<\/span><\/td>\n<td style=\"background-color: #859cad;\"><span style=\"color: #000000; font-size: x-small;\">In Dienst<\/span><\/td>\n<td style=\"background-color: #859cad;\"><span style=\"color: #000000; font-size: x-small;\">In Bau<\/span><\/td>\n<td style=\"background-color: #859cad;\"><span style=\"color: #000000; font-size: x-small;\">Auftrag erteilt<\/span><\/td>\n<\/tr>\n<tr>\n<td style=\"background-color: #b5cecc;\"><span style=\"color: #000000; font-size: x-small;\">Rana-Klasse<\/span><\/td>\n<td style=\"background-color: #b5cecc;\"><span style=\"color: #000000; font-size: x-small;\">Schlachtschiffe<\/span><\/td>\n<td style=\"background-color: #b5cecc;\"><span style=\"color: #000000; font-size: x-small;\">2350\/54<\/span><\/td>\n<td style=\"background-color: #b5cecc;\"><span style=\"color: #000000; font-size: x-small;\">2<\/span><\/td>\n<td style=\"background-color: #b5cecc;\"><span style=\"color: #000000; font-size: x-small;\">&#8211;<\/span><\/td>\n<td style=\"background-color: #b5cecc;\"><span style=\"color: #000000; font-size: x-small;\">1<\/span><\/td>\n<\/tr>\n<tr>\n<td style=\"background-color: #b5cecc;\"><span style=\"color: #000000; font-size: x-small;\">Devastation-Klasse<\/span><\/td>\n<td style=\"background-color: #b5cecc;\"><span style=\"color: #000000; font-size: x-small;\">Schlachtkreuzer<\/span><\/td>\n<td style=\"background-color: #b5cecc;\"><span style=\"color: #000000; font-size: x-small;\">2322\/28<\/span><\/td>\n<td style=\"background-color: #b5cecc;\"><span style=\"color: #000000; font-size: x-small;\">2<\/span><\/td>\n<td style=\"background-color: #b5cecc;\"><span style=\"color: #000000; font-size: x-small;\">&#8211;<\/span><\/td>\n<td style=\"background-color: #b5cecc;\"><span style=\"color: #000000; font-size: x-small;\">&#8211;<\/span><\/td>\n<\/tr>\n<tr>\n<td style=\"background-color: #b5cecc;\"><span style=\"color: #000000; font-size: x-small;\">Gorgon-Klasse<\/span><\/td>\n<td style=\"background-color: #b5cecc;\"><span style=\"color: #000000; font-size: x-small;\">Schlachtkreuzer<\/span><\/td>\n<td style=\"background-color: #b5cecc;\"><span style=\"color: #000000; font-size: x-small;\">2348\/52<\/span><\/td>\n<td style=\"background-color: #b5cecc;\"><span style=\"color: #000000; font-size: x-small;\">2<\/span><\/td>\n<td style=\"background-color: #b5cecc;\"><span style=\"color: #000000; font-size: x-small;\">&#8211;<\/span><\/td>\n<td style=\"background-color: #b5cecc;\"><span style=\"color: #000000; font-size: x-small;\">&#8211;<\/span><\/td>\n<\/tr>\n<tr>\n<td style=\"background-color: #b5cecc;\"><span style=\"color: #000000; font-size: x-small;\">Makarov-Klasse<\/span><\/td>\n<td style=\"background-color: #b5cecc;\"><span style=\"color: #000000; font-size: x-small;\">Schwere Kreuzer<\/span><\/td>\n<td style=\"background-color: #b5cecc;\"><span style=\"color: #000000; font-size: x-small;\">2316\/32<\/span><\/td>\n<td style=\"background-color: #b5cecc;\"><span style=\"color: #000000; font-size: x-small;\">16<\/span><\/td>\n<td style=\"background-color: #b5cecc;\"><span style=\"color: #000000; font-size: x-small;\">&#8211;<\/span><\/td>\n<td style=\"background-color: #b5cecc;\"><span style=\"color: #000000; font-size: x-small;\">&#8211;<\/span><\/td>\n<\/tr>\n<tr>\n<td style=\"background-color: #b5cecc;\"><span style=\"color: #000000; font-size: x-small;\">Weapon-Klasse<\/span><\/td>\n<td style=\"background-color: #b5cecc;\"><span style=\"color: #000000; font-size: x-small;\">Schwere Kreuzer<\/span><\/td>\n<td style=\"background-color: #b5cecc;\"><span style=\"color: #000000; font-size: x-small;\">2342\/60<\/span><\/td>\n<td style=\"background-color: #b5cecc;\"><span style=\"color: #000000; font-size: x-small;\">24<\/span><\/td>\n<td style=\"background-color: #b5cecc;\"><span style=\"color: #000000; font-size: x-small;\">4<\/span><\/td>\n<td style=\"background-color: #b5cecc;\"><span style=\"color: #000000; font-size: x-small;\">4<\/span><\/td>\n<\/tr>\n<tr>\n<td style=\"background-color: #b5cecc;\"><span style=\"color: #000000; font-size: x-small;\">Tireless-Klasse<\/span><\/td>\n<td style=\"background-color: #b5cecc;\"><span style=\"color: #000000; font-size: x-small;\">Zerst\u00f6rer<\/span><\/td>\n<td style=\"background-color: #b5cecc;\"><span style=\"color: #000000; font-size: x-small;\">2316\/40<\/span><\/td>\n<td style=\"background-color: #b5cecc;\"><span style=\"color: #000000; font-size: x-small;\">28<\/span><\/td>\n<td style=\"background-color: #b5cecc;\"><span style=\"color: #000000; font-size: x-small;\">&#8211;<\/span><\/td>\n<td style=\"background-color: #b5cecc;\"><span style=\"color: #000000; font-size: x-small;\">&#8211;<\/span><\/td>\n<\/tr>\n<tr>\n<td style=\"background-color: #b5cecc;\"><span style=\"color: #000000; font-size: x-small;\">Adamant-Klasse<\/span><\/td>\n<td style=\"background-color: #b5cecc;\"><span style=\"color: #000000; font-size: x-small;\">Zerst\u00f6rer<\/span><\/td>\n<td style=\"background-color: #b5cecc;\"><span style=\"color: #000000; font-size: x-small;\">2341\/52<\/span><\/td>\n<td style=\"background-color: #b5cecc;\"><span style=\"color: #000000; font-size: x-small;\">24<\/span><\/td>\n<td style=\"background-color: #b5cecc;\"><span style=\"color: #000000; font-size: x-small;\">&#8211;<\/span><\/td>\n<td style=\"background-color: #b5cecc;\"><span style=\"color: #000000; font-size: x-small;\">&#8211;<\/span><\/td>\n<\/tr>\n<tr>\n<td style=\"background-color: #b5cecc;\"><span style=\"color: #000000; font-size: x-small;\">Gallant-Klasse<\/span><\/td>\n<td style=\"background-color: #b5cecc;\"><span style=\"color: #000000; font-size: x-small;\">Zerst\u00f6rer<\/span><\/td>\n<td style=\"background-color: #b5cecc;\"><span style=\"color: #000000; font-size: x-small;\">2352\/60<\/span><\/td>\n<td style=\"background-color: #b5cecc;\"><span style=\"color: #000000; font-size: x-small;\">12<\/span><\/td>\n<td style=\"background-color: #b5cecc;\"><span style=\"color: #000000; font-size: x-small;\">8<\/span><\/td>\n<td style=\"background-color: #b5cecc;\"><span style=\"color: #000000; font-size: x-small;\">8<\/span><\/td>\n<\/tr>\n<tr>\n<td style=\"background-color: #b5cecc;\"><span style=\"color: #000000; font-size: x-small;\">Kamarova-Klasse<\/span><\/td>\n<td style=\"background-color: #b5cecc;\"><span style=\"color: #000000; font-size: x-small;\">Fregatten<\/span><\/td>\n<td style=\"background-color: #b5cecc;\"><span style=\"color: #000000; font-size: x-small;\">2322\/52<\/span><\/td>\n<td style=\"background-color: #b5cecc;\"><span style=\"color: #000000; font-size: x-small;\">48<\/span><\/td>\n<td style=\"background-color: #b5cecc;\"><span style=\"color: #000000; font-size: x-small;\">&#8211;<\/span><\/td>\n<td style=\"background-color: #b5cecc;\"><span style=\"color: #000000; font-size: x-small;\">&#8211;<\/span><\/td>\n<\/tr>\n<tr>\n<td style=\"background-color: #b5cecc;\"><span style=\"color: #000000; font-size: x-small;\">Defiant-Klasse<\/span><\/td>\n<td style=\"background-color: #b5cecc;\"><span style=\"color: #000000; font-size: x-small;\">Patrouillenschiffe<\/span><\/td>\n<td style=\"background-color: #b5cecc;\"><span style=\"color: #000000; font-size: x-small;\">2316\/58<\/span><\/td>\n<td style=\"background-color: #b5cecc;\"><span style=\"color: #000000; font-size: x-small;\">64<\/span><\/td>\n<td style=\"background-color: #b5cecc;\"><span style=\"color: #000000; font-size: x-small;\">10<\/span><\/td>\n<td style=\"background-color: #b5cecc;\"><span style=\"color: #000000; font-size: x-small;\">4<\/span><\/td>\n<\/tr>\n<\/tbody>\n<\/table>\n","protected":false},"excerpt":{"rendered":"<p>RANA-UNION (RU): UNION UNABH\u00c4NGIGER SYSTEME Hauptdaten: Hauptsystem: Rana (Delta Eridani) Hauptplanet: Rana Prime Hauptstadt: New Moscow Politisches System: Oligarchie Gegr\u00fcndet: 07.11.2316 Einwohner: 2,15 Milliarden Menschen Systeme: 8 Kolonien \/ 2 Au\u00dfenposten Es war ein gewagtes Spiel, dass der Oligarch Anatoly &hellip; <a href=\"http:\/\/www.matthias-hofmann.info\/?page_id=75\">Weiterlesen <span class=\"meta-nav\">&rarr;<\/span><\/a><\/p>\n","protected":false},"author":3,"featured_media":0,"parent":64,"menu_order":3,"comment_status":"closed","ping_status":"closed","template":"sidebar-page.php","meta":{"footnotes":""},"class_list":["post-75","page","type-page","status-publish","hentry"],"_links":{"self":[{"href":"http:\/\/www.matthias-hofmann.info\/index.php?rest_route=\/wp\/v2\/pages\/75","targetHints":{"allow":["GET"]}}],"collection":[{"href":"http:\/\/www.matthias-hofmann.info\/index.php?rest_route=\/wp\/v2\/pages"}],"about":[{"href":"http:\/\/www.matthias-hofmann.info\/index.php?rest_route=\/wp\/v2\/types\/page"}],"author":[{"embeddable":true,"href":"http:\/\/www.matthias-hofmann.info\/index.php?rest_route=\/wp\/v2\/users\/3"}],"replies":[{"embeddable":true,"href":"http:\/\/www.matthias-hofmann.info\/index.php?rest_route=%2Fwp%2Fv2%2Fcomments&post=75"}],"version-history":[{"count":15,"href":"http:\/\/www.matthias-hofmann.info\/index.php?rest_route=\/wp\/v2\/pages\/75\/revisions"}],"predecessor-version":[{"id":889,"href":"http:\/\/www.matthias-hofmann.info\/index.php?rest_route=\/wp\/v2\/pages\/75\/revisions\/889"}],"up":[{"embeddable":true,"href":"http:\/\/www.matthias-hofmann.info\/index.php?rest_route=\/wp\/v2\/pages\/64"}],"wp:attachment":[{"href":"http:\/\/www.matthias-hofmann.info\/index.php?rest_route=%2Fwp%2Fv2%2Fmedia&parent=75"}],"curies":[{"name":"wp","href":"https:\/\/api.w.org\/{rel}","templated":true}]}}