{"id":748,"date":"2014-05-28T12:50:26","date_gmt":"2014-05-28T10:50:26","guid":{"rendered":"http:\/\/www.matthias-hofmann.info\/?page_id=748"},"modified":"2025-12-08T23:17:55","modified_gmt":"2025-12-08T21:17:55","slug":"news","status":"publish","type":"page","link":"http:\/\/www.matthias-hofmann.info\/?page_id=748","title":{"rendered":"News"},"content":{"rendered":"<p style=\"text-align: center;\"><strong>Wie der Name schon vermuten l\u00e4sst, m\u00f6chte ich an dieser Stelle \u00fcber den Status meiner jeweiligen Buchprojekte informieren.<\/strong><\/p>\n<p><em><strong>05.12.2025<\/strong><\/em><br \/>\nEndlich ist der vierte Roman der Macht-und-Freiheit-Reihe auf den Weg gebracht. Acht Jahre waren nun nicht der Plan, und ich kann jeden verstehen, der das kritisiert. Aber die Wahrheit ist, die B\u00fccher haben zwar alle ihre in sie gesteckten Investition f\u00fcr Lektorat, Cover und Layout wieder reingeholt, mehr aber jedoch nicht. Das Schreiben ist daher eher eine Art von Hobby, und das sogenannte Real Life immer wieder seinen Tribut fordert, sind die B\u00fccher leider etwas auf der Strecke geblieben.<\/p>\n<p>Aufgrund der Insolvenz meines damaligen Arbeitgebers 2017 ist leider einiges in Schieflage geraten. Eine neue Arbeit war zwar schnell gefunden, doch ging es in den ersten Jahren immer von einer Befristung zur n\u00e4chsten. Unter solchen Umst\u00e4nden war an der Ver\u00f6ffentlichung neuer B\u00fccher nicht zu denken, erst recht, wenn man zwischen 3.000 bis 4.000 Euro investieren muss, bevor ein Buch dann rauskommt. Ein Autounfall, mit zum Gl\u00fcck &#8222;nur&#8220; Blechschaden, war da auch nicht gerade hilfreich und das B\u00fcchergeld erst einmal weg. Sp\u00e4ter auch f\u00fcr eine neue K\u00fcche &#8211; war n\u00f6tig -, das ein oder andere gr\u00f6\u00dfere M\u00f6belst\u00fcck sowie Reparaturen am Haus haben ebenfalls zur Verz\u00f6gerung beigetragen.<\/p>\n<p>Gelegentlich habe ich \u00fcber einen Kleinkredit nachgedacht, doch aufgrund des Risikos stets wieder verworfen. Aber jetzt passt es endlich wieder, und der vierte Teil <em>M&amp;F4: Verlorene Tr\u00e4ume<\/em> ist endlich auf den Weg gebracht. Die Ver\u00f6ffentlichung wird allerdings erst zwischen Mai und August 2026 m\u00f6glich sein.<\/p>\n<p>Die ausstehenden Romane sind fertiggeschrieben und ich arbeite an einer zweiten Staffel, die f\u00fcnfzig Jahre nach den Ereignissen der ersten Reihe angesiedelt ist. Deren Ver\u00f6ffentlichung steht aber nat\u00fcrlich sprichw\u00f6rtlich in den Sternen. In Zukunft peile ich einen zwei- oder dreij\u00e4hrigen Rhythmus an. Unter den gegebenen Umst\u00e4nden ist einfach nicht mehr m\u00f6glich.<\/p>\n<p>Ich hoffe Ihr habt daf\u00fcr Verst\u00e4ndnis, aber zumindest geht es weiter!<\/p>\n<p style=\"text-align: justify;\"><em><strong>17.10.2019<\/strong><\/em><br \/>\nDa sich die Ver\u00f6ffentlichung des vierten Teils der Macht-und-Freiheit-Reihe leider noch hinziehen wird.<\/p>\n<p style=\"text-align: justify;\"><em><strong>10.12.2018<\/strong><\/em><br \/>\nDer vierte Macht-und-Freiheit-Roman wird sehr wahrscheinlich erst n\u00e4chstes Jahr erscheinen.<\/p>\n<p style=\"text-align: justify;\"><em><strong>14.04.2018<\/strong><\/em><br \/>\nDa sich der vierte Macht-und-Freiheit-Roman leider aufgrund ge\u00e4nderter Rahmen-bedingungen sowie selbstverschuldeten Pechs meinerseits sich nach hinten verschieben wird, ist es vielleicht an der Zeit \u00fcber die weitere Entwicklung der Reihe zu res\u00fcmieren.<\/p>\n<p style=\"text-align: justify;\">Das Schreiben macht mir weiterhin viel Spa\u00df. Gegenw\u00e4rtig ist es allerdings <em>nur<\/em> ein Hobby.<\/p>\n<p style=\"text-align: justify;\"><em><strong>25.11.201<\/strong><\/em><br \/>\nSo, die Arbeiten zum Manuskript f\u00fcr den sechsten Teil der M&amp;F-Reihe sind abgeschlossen und mit dem siebten habe ich heute begonnen. Das Manuskript zum vierten Teil ist bereits druchgearbeitet, allerdings steht noch ein weiteres Mal an, bevor ich es der Lektorin \u00fcbergebe. Der neue Roman ist f\u00fcr Mitte 2018 angedacht.<\/p>\n<p style=\"text-align: justify;\"><em><strong>17.03.2017<\/strong><\/em><br \/>\nDas Cover ist fertig! Jetzt m\u00fcssen noch die Dateien f\u00fcr die Print- und eBook-Ausgabe fertiggestellt werden, dann kann der dritte M&amp;F-Roman erscheinen.<\/p>\n<p style=\"text-align: justify;\"><em><strong>27.02.2017<\/strong><\/em><br \/>\nDas Cover f\u00fcr den dritten M&amp;F-Roman macht Fortschritte. Hier eine kleine Preview:<br \/>\n<a href=\"http:\/\/www.matthias-hofmann.info\/wp-content\/uploads\/2017\/02\/Band-3-Cover-WIP-21.jpg\"><img loading=\"lazy\" decoding=\"async\" class=\"alignnone size-thumbnail wp-image-1000\" src=\"http:\/\/www.matthias-hofmann.info\/wp-content\/uploads\/2017\/02\/Band-3-Cover-WIP-21-150x150.jpg\" alt=\"\" width=\"150\" height=\"150\" \/><\/a><br \/>\nDie <em>Ceres<\/em> ist schon gut zu erkennen. Der M\u00e4rz sollte als Erscheinungsdatum zu halten sein. Mit dem Manuskript zum sechsten Roman habe ich mittlerweile begonnen.<\/p>\n<p style=\"text-align: justify;\"><strong><em>30.01.2017<\/em><\/strong><br \/>\nDie Fertigstellung des Covers verz\u00f6gert sich leider weiter. Aber gegen Krankheit und widrige Umst\u00e4nde ist niemand gefeit. Ich rechne damit, das der Roman im Laufe des Februar oder M\u00e4rz erscheinen kann.<br \/>\nUnterdessen bin ich mit dem Manuskript zum f\u00fcnften Teil der Reihe fertig. Die H\u00e4lfte ist also geschafft. Mit dem sechsten Roman beginne ich noch diese Woche. Bei dem Tempo ist es m\u00f6glich, auch einmal zwei Romane im Jahr ver\u00f6ffentlichen zu k\u00f6nnen.<\/p>\n<p style=\"text-align: justify;\"><em><strong>24.10.2016<br \/>\n<\/strong><\/em>Der Buchblock und die eBook-Dateien f\u00fcr den dritten M&amp;F-Roman sind mittlerweile fertig. Das einzige, was noch fehlt, ist das Cover. Heute habe ich allerdings den Vorentwurf gesehen, und kann sagen, dass das Motiv wieder sehr beeindruckend sowie stimmungsvoll werden wird &#8211; und &#8230; gr\u00fcn \ud83d\ude09 .<\/p>\n<p style=\"text-align: justify;\"><strong><em>05.08.2016<\/em><\/strong><br \/>\nDas Cover zum dritten M&amp;F-Roman ist jetzt auch auf den Weg gebracht und das Lektorat endg\u00fcltig abgeschlossen.<\/p>\n<p style=\"text-align: justify;\"><strong><em>07.07.2016<\/em><\/strong><br \/>\nDie Lektorin ist mit dem Manuskript zum dritten M&amp;F-Roman fertig. Auch habe ich mit dem Illustrator Kontakt aufgenommen. Das Skript zum vierten M&amp;F-Roman habe ich unterdessen fertig. Muss es aber nat\u00fcrlich noch \u00fcberarbeiten. Derweil habe ich mit dem Skript zum f\u00fcnften Teil begonnen. Es geht gut voran \ud83d\ude42 .<\/p>\n<p style=\"text-align: justify;\"><em><strong>17.05.2016<br \/>\n<\/strong><\/em>So, das Manuskript vom dritten Macht-und-Freiheit-Roman ist bei der Lektorin. Jetzt hei\u00dft es warten. Die Arbeiten am vierten Roman der Reihe gehen planm\u00e4\u00dfig weiter und sind bald abgeschlossen.<\/p>\n<p style=\"text-align: justify;\"><strong><em>24.02.2016<\/em><\/strong><br \/>\nHeute ist endlich der lang angek\u00fcndigte erste Roman der Silention-Trilogie erschienen; Die Artefaktj\u00e4gerin: PANOPL\u00cdA. Leider ist in den vergangenen Monaten so einiges geschehen, was die Ver\u00f6ffentlichung verz\u00f6gert und wodurch sich alles um einige Monate nach hinten verschoben hat. So war ich unter anderem \u00fcber mehrere Wochen vom W-Lan getrennt.<br \/>\nDieses Jahr steht allerdings noch die Ver\u00f6ffentlichung des dritten Macht-und-Freiheit-Romans an. Das Buch soll im Zeitraum Juni &#8211; September 2016 erscheinen.<\/p>\n<p style=\"text-align: justify;\"><em><strong>22.11.2015<\/strong><\/em><br \/>\nDie Lektorin hat mir das Manuskript zu dem ersten Roman der Silention-Trilogie zur\u00fcckgeschickt und ich lese es gerade durch. Das Cover macht auch Fortschritte. Wenn nichts dazwischenkommt, sollte der Roman noch vor Weihnachten erscheinen k\u00f6nnen.<\/p>\n<p style=\"text-align: justify;\"><strong><em>02.10.2015<\/em><\/strong><br \/>\nDie Arbeiten am Manuskript zum ersten Band der Silention-Trilogie sind abgeschlossen und das Manuskript ist auch schon bei der Lektorin. Auch das Cover zum Roman ist bereits auf den Weg gebracht. Der Roman soll noch in diesem Jahr erscheinen.<\/p>\n<p style=\"text-align: justify;\">2016 steht allerdings ganz im Zeichen der Macht-und-Freiheit-Reihe, denn die Teile drei und vier sollen n\u00e4chstes Jahr erscheinen. Das Manuskript zum dritten Teil ist fast fertig und auch Teil vier macht gute Fortschritte.<\/p>\n<p style=\"text-align: justify;\"><strong><em>23.07.2015<\/em><br \/>\n<\/strong>So, der zweite Roman ist jetzt seit vier Wochen verf\u00fcgbar. Insgesamt konnten in der Zeit 622 Exemplare beider Romane verkauft beziehungsweise verliehen werden. Genauer 404 von <em>Vorboten des Zorns<\/em> und 218 von <em>Sturm \u00fcber Porrima<\/em>. Letzterer hat tats\u00e4chlich sein bestes Monatsergebnis \u00fcberhaupt eingefahren.<\/p>\n<p style=\"text-align: justify;\">Ein gro\u00dfer Erfolg f\u00fcr mich. Ich bin happy! Vielen Dank!<\/p>\n<p style=\"text-align: justify;\">Ansonsten habe ich das Manuskript zum ersten Roman der kommenden Silention-Trilogie ein ersten Mal durchgearbeitet. Bis ich es allerdings der Lektorin \u00fcbergeben werde, werden noch gut zwei Monate vergehen.<\/p>\n<p style=\"text-align: justify;\">Auch die Arbeiten an den n\u00e4chsten beiden Romanen der Macht-und-Freiheit-Reihe gehen gut voran. Beide Romane sind f\u00fcr n\u00e4chstes Jahr (2016) geplant.<\/p>\n<p style=\"text-align: justify;\"><em><strong>23.06.2015<\/strong><\/em><br \/>\nDie Arbeiten am zweiten Roman sind abgeschlossen und in den n\u00e4chsten Tagen sollten <em>M&amp;F2: Vorboten des Zorns<\/em> bei Amazon verf\u00fcgbar sein.<\/p>\n<p>In der B\u00fccherrubrik kann man das fertige Cover bestaunen. Es ist wieder fantastisch geworden.<\/p>\n<p style=\"text-align: justify;\"><em><strong>27.05.2015<\/strong><\/em><br \/>\nIn der Download-Rubrik sind zwei neue Wallpapers, die die<em> Ceres<\/em> zeigen. Ein kleine Vorschau auf das fertige Cover zum zweiten Macht-und-Freiheit-Roman.<\/p>\n<p style=\"text-align: justify;\"><em><strong>17.05.2015<\/strong><\/em><br \/>\nDas Lektorat ist weitestgehend abgeschlossen. Zur Zeit kontrolliere ich das Manuskript, um die letzten strittigen Punkte zu kl\u00e4ren. Als kleinen Vorgeschmack habe ich das erste Kapitel hier auf der Seite ver\u00f6ffentlicht &#8211; viel Spa\u00df damit!<\/p>\n<p style=\"text-align: justify;\"><em><strong>03.03.2015<\/strong><\/em><br \/>\nSo, das Manuskript zum zweiten Roman ist jetzt bei der Lektorin. Der Roman wird \u00fcbrigens <em>Macht und Freiheit 02: Vorboten des Zorns<\/em> hei\u00dfen. Es wird aber eine Weile brauchen, bis die Lektorin damit fertig ist. Vom Umfang her ist der Roman etwas gro\u00dfer als <em>Sturm \u00fcber Porrima<\/em> geworden.<\/p>\n<p style=\"text-align: justify;\">Wenn alles klappt, dann sollten diese Woche auch die ersten Skizzen f\u00fcr das Cover da sein. Man darf gespannt sein.<\/p>\n<p style=\"text-align: justify;\"><strong><em>18.01.2015<\/em><\/strong><br \/>\nSorry, lange nichts mehr geschrieben.<\/p>\n<p style=\"text-align: justify;\">Die \u00dcberarbeitung des zweiten Macht-und-Freiheit-Romans ist nahezu abgeschlossen. Mit der Lektorin habe ich mich auf den M\u00e4rz als Abgabetermin verst\u00e4ndigt. F\u00fcr das Cover konnte ich den selben Illustrator gewinnen, der auch das Cover zu <em>Sturm \u00fcber Porrima<\/em> erstellt hat. Die Ver\u00f6ffentlichung ist f\u00fcr Mai\/Juni 2015 geplant, sofern nichts dazwischen kommt.<\/p>\n<p style=\"text-align: justify;\">F\u00fcr dieses Jahr steht allerdings noch der Abenteuer\/Fantasy-Roman an, der ebenfalls nahezu fertig ist. Eine Ver\u00f6ffentlichung ist f\u00fcr Oktober\/November 2015 geplant.<\/p>\n<p style=\"text-align: justify;\">Unterdessen habe ich mit dem Schreiben des dritten Macht-und-Freiheit-Romans begonnen. Der wird aber erst n\u00e4chstes Jahr erscheinen k\u00f6nnen.<\/p>\n<p style=\"text-align: justify;\"><em><strong>28.05.2014<\/strong><br \/>\n<\/em>So, die reinen Schreibarbeiten am zweiten Macht-und-Freiheit-Roman sind soweit ab- geschlossen. In den n\u00e4chsten Monaten werde ich den Text \u00fcberarbeiten und sch\u00f6n formulieren, bevor ich das Manuskript an die Lektorin \u00fcbergeben werde. Eine Ver\u00f6ffentlichung habe ich fr\u00fchestens f\u00fcr das erste Quartal 2015 eingeplant.<\/p>\n<p style=\"text-align: justify;\">Der Abenteuer\/Fantasy-Roman &#8211; auch Raider-Projekt genannt \ud83d\ude09 &#8211; macht ebenfalls gute Fortschritte. Der Roman kann sicher im zweiten Quartal 2015 ver\u00f6ffentlicht werden. Bin schon gespannt wie er ankommt.<\/p>\n<p style=\"text-align: justify;\">Ansonsten habe ich schon mit dem dritten Macht-und-Freiheit-Roman begonnen, der 2016 erscheinen soll. Und f\u00fcr 2017 ist ein Marineroman angedacht.<\/p>\n<p style=\"text-align: justify;\">Hoffentlich ist dieser Fahrplan nicht zu ambitioniert.<\/p>\n","protected":false},"excerpt":{"rendered":"<p>Wie der Name schon vermuten l\u00e4sst, m\u00f6chte ich an dieser Stelle \u00fcber den Status meiner jeweiligen Buchprojekte informieren. 05.12.2025 Endlich ist der vierte Roman der Macht-und-Freiheit-Reihe auf den Weg gebracht. Acht Jahre waren nun nicht der Plan, und ich kann &hellip; <a href=\"http:\/\/www.matthias-hofmann.info\/?page_id=748\">Weiterlesen <span class=\"meta-nav\">&rarr;<\/span><\/a><\/p>\n","protected":false},"author":3,"featured_media":0,"parent":0,"menu_order":2,"comment_status":"closed","ping_status":"closed","template":"","meta":{"footnotes":""},"class_list":["post-748","page","type-page","status-publish","hentry"],"_links":{"self":[{"href":"http:\/\/www.matthias-hofmann.info\/index.php?rest_route=\/wp\/v2\/pages\/748","targetHints":{"allow":["GET"]}}],"collection":[{"href":"http:\/\/www.matthias-hofmann.info\/index.php?rest_route=\/wp\/v2\/pages"}],"about":[{"href":"http:\/\/www.matthias-hofmann.info\/index.php?rest_route=\/wp\/v2\/types\/page"}],"author":[{"embeddable":true,"href":"http:\/\/www.matthias-hofmann.info\/index.php?rest_route=\/wp\/v2\/users\/3"}],"replies":[{"embeddable":true,"href":"http:\/\/www.matthias-hofmann.info\/index.php?rest_route=%2Fwp%2Fv2%2Fcomments&post=748"}],"version-history":[{"count":37,"href":"http:\/\/www.matthias-hofmann.info\/index.php?rest_route=\/wp\/v2\/pages\/748\/revisions"}],"predecessor-version":[{"id":1368,"href":"http:\/\/www.matthias-hofmann.info\/index.php?rest_route=\/wp\/v2\/pages\/748\/revisions\/1368"}],"wp:attachment":[{"href":"http:\/\/www.matthias-hofmann.info\/index.php?rest_route=%2Fwp%2Fv2%2Fmedia&parent=748"}],"curies":[{"name":"wp","href":"https:\/\/api.w.org\/{rel}","templated":true}]}}