{"id":68,"date":"2013-04-14T12:33:22","date_gmt":"2013-04-14T10:33:22","guid":{"rendered":"http:\/\/www.matthias-hofmann.info\/?page_id=68"},"modified":"2017-01-31T23:58:30","modified_gmt":"2017-01-31T21:58:30","slug":"u-e-s","status":"publish","type":"page","link":"http:\/\/www.matthias-hofmann.info\/?page_id=68","title":{"rendered":"Grenzallianz"},"content":{"rendered":"<p style=\"text-align: center;\"><span style=\"text-decoration: underline;\"><strong>INTERSTELLAR FRONTIER ALLIANCE (IFA):<br \/>\n<\/strong><\/span><strong>INTERSTELLARE GRENZALLIANZ<\/strong><\/p>\n<p><span style=\"text-decoration: underline;\"><strong>Hauptdaten:<br \/>\n<\/strong><\/span><\/p>\n<table border=\"0\" cellpadding=\"3\">\n<tbody>\n<tr>\n<td style=\"background-color: #b5cecc;\"><span style=\"color: #000000; font-size: x-small;\">Hauptsystem:<\/span><\/td>\n<td style=\"background-color: #b5cecc;\"><span style=\"color: #000000; font-size: x-small;\">Beta Comae Berenices<\/span><\/td>\n<\/tr>\n<tr>\n<td style=\"background-color: #b5cecc;\"><span style=\"color: #000000; font-size: x-small;\">Hauptplanet:<\/span><\/td>\n<td style=\"background-color: #b5cecc;\"><span style=\"color: #000000; font-size: x-small;\">Berenicia<\/span><\/td>\n<\/tr>\n<tr>\n<td style=\"background-color: #b5cecc;\"><span style=\"color: #000000; font-size: x-small;\">Hauptstadt:<\/span><\/td>\n<td style=\"background-color: #b5cecc;\"><span style=\"color: #000000; font-size: x-small;\">Newton City<\/span><\/td>\n<\/tr>\n<tr>\n<td style=\"background-color: #b5cecc;\"><span style=\"color: #000000; font-size: x-small;\">Politisches System:<\/span><\/td>\n<td style=\"background-color: #b5cecc;\"><span style=\"color: #000000; font-size: x-small;\">Pr\u00e4sidiale Milit\u00e4rdiktatur<\/span><\/td>\n<\/tr>\n<tr>\n<td style=\"background-color: #b5cecc;\"><span style=\"color: #000000; font-size: x-small;\">Gegr\u00fcndet:<\/span><\/td>\n<td style=\"background-color: #b5cecc;\"><span style=\"color: #000000; font-size: x-small;\">17.03.2327<\/span><\/td>\n<\/tr>\n<tr>\n<td style=\"background-color: #b5cecc;\"><span style=\"color: #000000; font-size: x-small;\">Einwohner:<\/span><\/td>\n<td style=\"background-color: #b5cecc;\"><span style=\"color: #000000; font-size: x-small;\">4,26 Milliarden Menschen<\/span><\/td>\n<\/tr>\n<tr>\n<td style=\"background-color: #b5cecc;\"><span style=\"color: #000000; font-size: x-small;\">Kolonien\/Au\u00dfenposten:<\/span><\/td>\n<td style=\"background-color: #b5cecc;\"><span style=\"color: #000000; font-size: x-small;\">17 Kolonien \/ 2 Au\u00dfenposten<\/span><\/td>\n<\/tr>\n<\/tbody>\n<\/table>\n<p style=\"text-align: justify;\">Mit dem Friedenvertrag von Altair VII war der Erde-Sidani-Krieg beendet und James Taylor, Kommandeur der UES-Streitkr\u00e4fte im Virginis-Sektor, sollte sich eigentlich wieder der Oberhoheit der UES unterstellen &#8211; doch dazu kam es nicht.<\/p>\n<p style=\"text-align: justify;\">W\u00e4hrend des Krieges hatte Taylor die Verteidigung der Bo\u00f6tes- und Virginis-Sektoren gegen die Sidani organisiert. Dazu war er mit au\u00dferordentlichen Vollmachten ausgestattet worden und verwaltete die beiden Sektoren nahezu selbstst\u00e4ndig. In den zehn Kriegsjahren kn\u00fcpfte er enge Bande zu den Systemgouverneuren sowie gew\u00e4hlten politischen Vertretern der Kolonien. Aber noch wichtiger waren die sehr guten Beziehungen zu seinen Untergebenen, die ihn bei seinen Unabh\u00e4ngigkeitsbestrebungen &#8211; sehr zum Leidweisen der Zivilbev\u00f6lkerung der UES-Kolonien im Virginis-Sektor &#8211; uneingeschr\u00e4nkt unterst\u00fctzten.<\/p>\n<p style=\"text-align: justify;\">Taylor initiierte ein repressives Regime, dass er um einem \u00fcberbordenden Personenkult erg\u00e4nzte. In den vergangenen Jahren hat die Allianz sich unaufhaltsam ausgeweitet, wobei sich die Taylor-Regierung nicht die M\u00fche macht, selbstst\u00e4ndig Systeme zu erforschen und zu kolonisieren, sondern einfach ein unabh\u00e4ngiges System nach dem anderen annektiert.<\/p>\n<p style=\"text-align: justify;\">W\u00e4hrend die Allianz ihr Raumgebiet laufend vergr\u00f6\u00dfert, ist die Lage im Inneren instabil und fragil, denn gro\u00dfe Teile der Bev\u00f6lkerung sind nicht bereit, die Alleinherrschafts-phantasien der Taylors zu akzeptieren. Deshalb regieren die Taylors, im Vertrauen auf das Milit\u00e4r, mit harter Hand. Zus\u00e4tzlich verl\u00e4sst sich die Regierung auf die absolut regime-treuen Mitglieder der Alliance Central Security Agency (ACSA), die unter den Milit\u00e4rs und der Zivilbev\u00f6lkerung die Interessen des Pr\u00e4sidenten ohne Kompromisse durchsetzt.<\/p>\n<p style=\"text-align: justify;\">Seit 2351 wird die Grenzallianz von James Taylor \u00e4ltestem Kind Jospeh Taylor regiert.<\/p>\n<p style=\"text-align: justify;\"><span style=\"text-decoration: underline;\"><strong>ALLIANCE DEFENSE FORCES:<br \/>\n<\/strong><\/span>Die ADF ist das Allianz-\u00c4quivalent zur UEAF oder zur USDF. Doch im Gegensatz zu dem Milit\u00e4r der Union, kennen die Allianzstreitkr\u00e4fte keinerlei Beschr\u00e4nkungen, denn die Taylors k\u00f6nnen nur mithilfe des Milit\u00e4rs ihr Regime aufrechterhalten. Ziel ist es, die ADF derma\u00dfen stark auszubauen, dass sie sogar der UEAF Paroli bieten kann, doch bis es soweit ist, ist es noch ein sehr weiter Weg.<\/p>\n<p style=\"text-align: justify;\"><span style=\"text-decoration: underline;\"><em><strong>Raumflotte:<\/strong><\/em><br \/>\n<\/span>Der Alliance Fleet Service (AFS) nimmt innerhalb der ADF eine wichtige Rolle ein, denn er ist f\u00fcr die transstellare Expansion der Allianz unverzichtbar. Dabei vertraut der AFS nicht auf die gro\u00dfen Kriegsschifftypen wie Schlachtschiffe oder Schlachtkreuzer. Zwar h\u00e4lt der AFS durchaus einige wenige Vertreter dieser Typen in Dienst, allerdings setzt man haupts\u00e4chlich Einheiten der Kreuzerkategorie ein. Ein Novum stellt hierbei der Typ des Angriffskreuzers dar, der eine Mischung aus Schlachtkreuzer und Schweren Kreuzer darstellt. Diese Schiffe sind im Unterhalt g\u00fcnstiger als ein Schlachtkreuzer, und meist jedem Schiff \u00fcberlegen, dass von den freien Systemen eingesetzt wird, die auch das eigentliche Hauptziel der Allianz darstellen.<\/p>\n<table border=\"0\" cellpadding=\"3\">\n<tbody>\n<tr>\n<td style=\"background-color: #859cad;\"><span style=\"color: #000000; font-size: x-small;\">Klasse<\/span><\/td>\n<td style=\"background-color: #859cad;\"><span style=\"color: #000000; font-size: x-small;\">Typ<\/span><\/td>\n<td style=\"background-color: #859cad;\"><span style=\"color: #000000; font-size: x-small;\">Baujahr<\/span><\/td>\n<td style=\"background-color: #859cad;\"><span style=\"color: #000000; font-size: x-small;\">In Dienst<\/span><\/td>\n<td style=\"background-color: #859cad;\"><span style=\"color: #000000; font-size: x-small;\">In Bau<\/span><\/td>\n<td style=\"background-color: #859cad;\"><span style=\"color: #000000; font-size: x-small;\">Auftrag erteilt<\/span><\/td>\n<\/tr>\n<tr>\n<td style=\"background-color: #b5cecc;\"><span style=\"color: #000000; font-size: x-small;\">Alliance-Klasse<\/span><\/td>\n<td style=\"background-color: #b5cecc;\"><span style=\"color: #000000; font-size: x-small;\">Schlachtschiffe<\/span><\/td>\n<td style=\"background-color: #b5cecc;\"><span style=\"color: #000000; font-size: x-small;\">2330\/34<\/span><\/td>\n<td style=\"background-color: #b5cecc;\"><span style=\"color: #000000; font-size: x-small;\">4<\/span><\/td>\n<td style=\"background-color: #b5cecc;\"><span style=\"color: #000000; font-size: x-small;\">&#8211;<\/span><\/td>\n<td style=\"background-color: #b5cecc;\"><span style=\"color: #000000; font-size: x-small;\">&#8211;<\/span><\/td>\n<\/tr>\n<tr>\n<td style=\"background-color: #b5cecc;\"><span style=\"color: #000000; font-size: x-small;\">James Taylor-Klasse<\/span><\/td>\n<td style=\"background-color: #b5cecc;\"><span style=\"color: #000000; font-size: x-small;\">Schlachtschiffe<\/span><\/td>\n<td style=\"background-color: #b5cecc;\"><span style=\"color: #000000; font-size: x-small;\">2354\/56<\/span><\/td>\n<td style=\"background-color: #b5cecc;\"><span style=\"color: #000000; font-size: x-small;\">1<\/span><\/td>\n<td style=\"background-color: #b5cecc;\"><span style=\"color: #000000; font-size: x-small;\">1<\/span><\/td>\n<td style=\"background-color: #b5cecc;\"><span style=\"color: #000000; font-size: x-small;\">&#8211;<\/span><\/td>\n<\/tr>\n<tr>\n<td style=\"background-color: #b5cecc;\"><span style=\"color: #000000; font-size: x-small;\">Sovereign-Klasse<\/span><\/td>\n<td style=\"background-color: #b5cecc;\"><span style=\"color: #000000; font-size: x-small;\">Schlachtkreuzer<\/span><\/td>\n<td style=\"background-color: #b5cecc;\"><span style=\"color: #000000; font-size: x-small;\">2328\/38<\/span><\/td>\n<td style=\"background-color: #b5cecc;\"><span style=\"color: #000000; font-size: x-small;\">12<\/span><\/td>\n<td style=\"background-color: #b5cecc;\"><span style=\"color: #000000; font-size: x-small;\">&#8211;<\/span><\/td>\n<td style=\"background-color: #b5cecc;\"><span style=\"color: #000000; font-size: x-small;\">&#8211;<\/span><\/td>\n<\/tr>\n<tr>\n<td style=\"background-color: #b5cecc;\"><span style=\"color: #000000; font-size: x-small;\">Victory-Klasse<\/span><\/td>\n<td style=\"background-color: #b5cecc;\"><span style=\"color: #000000; font-size: x-small;\">Schlachtkreuzer<\/span><\/td>\n<td style=\"background-color: #b5cecc;\"><span style=\"color: #000000; font-size: x-small;\">2344\/47<\/span><\/td>\n<td style=\"background-color: #b5cecc;\"><span style=\"color: #000000; font-size: x-small;\">5<\/span><\/td>\n<td style=\"background-color: #b5cecc;\"><span style=\"color: #000000; font-size: x-small;\">&#8211;<\/span><\/td>\n<td style=\"background-color: #b5cecc;\"><span style=\"color: #000000; font-size: x-small;\">&#8211;<\/span><\/td>\n<\/tr>\n<tr>\n<td style=\"background-color: #b5cecc;\"><span style=\"color: #000000; font-size: x-small;\">Menace-Klasse<\/span><\/td>\n<td style=\"background-color: #b5cecc;\"><span style=\"color: #000000; font-size: x-small;\">Schlachtkreuzer<\/span><\/td>\n<td style=\"background-color: #b5cecc;\"><span style=\"color: #000000; font-size: x-small;\">2352\/58<\/span><\/td>\n<td style=\"background-color: #b5cecc;\"><span style=\"color: #000000; font-size: x-small;\">10<\/span><\/td>\n<td style=\"background-color: #b5cecc;\"><span style=\"color: #000000; font-size: x-small;\">4<\/span><\/td>\n<td style=\"background-color: #b5cecc;\"><span style=\"color: #000000; font-size: x-small;\">&#8211;<\/span><\/td>\n<\/tr>\n<tr>\n<td style=\"background-color: #b5cecc;\"><span style=\"color: #000000; font-size: x-small;\">Morgan-Klasse<\/span><\/td>\n<td style=\"background-color: #b5cecc;\"><span style=\"color: #000000; font-size: x-small;\">Angriffskreuzer<\/span><\/td>\n<td style=\"background-color: #b5cecc;\"><span style=\"color: #000000; font-size: x-small;\">2328\/40<\/span><\/td>\n<td style=\"background-color: #b5cecc;\"><span style=\"color: #000000; font-size: x-small;\">32<\/span><\/td>\n<td style=\"background-color: #b5cecc;\"><span style=\"color: #000000; font-size: x-small;\">&#8211;<\/span><\/td>\n<td style=\"background-color: #b5cecc;\"><span style=\"color: #000000; font-size: x-small;\">&#8211;<\/span><\/td>\n<\/tr>\n<tr>\n<td style=\"background-color: #b5cecc;\"><span style=\"color: #000000; font-size: x-small;\">Lenkova-Klasse<\/span><\/td>\n<td style=\"background-color: #b5cecc;\"><span style=\"color: #000000; font-size: x-small;\">Angriffskreuzer<\/span><\/td>\n<td style=\"background-color: #b5cecc;\"><span style=\"color: #000000; font-size: x-small;\">2340\/52<\/span><\/td>\n<td style=\"background-color: #b5cecc;\"><span style=\"color: #000000; font-size: x-small;\">48<\/span><\/td>\n<td style=\"background-color: #b5cecc;\"><span style=\"color: #000000; font-size: x-small;\">&#8211;<\/span><\/td>\n<td style=\"background-color: #b5cecc;\"><span style=\"color: #000000; font-size: x-small;\">&#8211;<\/span><\/td>\n<\/tr>\n<tr>\n<td style=\"background-color: #b5cecc;\"><span style=\"color: #000000; font-size: x-small;\">Independence-Klasse<\/span><\/td>\n<td style=\"background-color: #b5cecc;\"><span style=\"color: #000000; font-size: x-small;\">Angriffskreuzer<\/span><\/td>\n<td style=\"background-color: #b5cecc;\"><span style=\"color: #000000; font-size: x-small;\">2352\/58<\/span><\/td>\n<td style=\"background-color: #b5cecc;\"><span style=\"color: #000000; font-size: x-small;\">6<\/span><\/td>\n<td style=\"background-color: #b5cecc;\"><span style=\"color: #000000; font-size: x-small;\">4<\/span><\/td>\n<td style=\"background-color: #b5cecc;\"><span style=\"color: #000000; font-size: x-small;\">&#8211;<\/span><\/td>\n<\/tr>\n<tr>\n<td style=\"background-color: #b5cecc;\"><span style=\"color: #000000; font-size: x-small;\">Newton City-Klasse<\/span><\/td>\n<td style=\"background-color: #b5cecc;\"><span style=\"color: #000000; font-size: x-small;\">Schwere Kreuzer<\/span><\/td>\n<td style=\"background-color: #b5cecc;\"><span style=\"color: #000000; font-size: x-small;\">2328\/42<\/span><\/td>\n<td style=\"background-color: #b5cecc;\"><span style=\"color: #000000; font-size: x-small;\">52<\/span><\/td>\n<td style=\"background-color: #b5cecc;\"><span style=\"color: #000000; font-size: x-small;\">&#8211;<\/span><\/td>\n<td style=\"background-color: #b5cecc;\"><span style=\"color: #000000; font-size: x-small;\">&#8211;<\/span><\/td>\n<\/tr>\n<tr>\n<td style=\"background-color: #b5cecc;\"><span style=\"color: #000000; font-size: x-small;\">Cressida-Klasse<\/span><\/td>\n<td style=\"background-color: #b5cecc;\"><span style=\"color: #000000; font-size: x-small;\">Schwere Kreuzer<\/span><\/td>\n<td style=\"background-color: #b5cecc;\"><span style=\"color: #000000; font-size: x-small;\">2352\/58<\/span><\/td>\n<td style=\"background-color: #b5cecc;\"><span style=\"color: #000000; font-size: x-small;\">32<\/span><\/td>\n<td style=\"background-color: #b5cecc;\"><span style=\"color: #000000; font-size: x-small;\">12<\/span><\/td>\n<td style=\"background-color: #b5cecc;\"><span style=\"color: #000000; font-size: x-small;\">&#8211;<\/span><\/td>\n<\/tr>\n<tr>\n<td style=\"background-color: #b5cecc;\"><span style=\"color: #000000; font-size: x-small;\">Jarvis-Klasse<\/span><\/td>\n<td style=\"background-color: #b5cecc;\"><span style=\"color: #000000; font-size: x-small;\">Flottenzerst\u00f6rer<\/span><\/td>\n<td style=\"background-color: #b5cecc;\"><span style=\"color: #000000; font-size: x-small;\">2328\/44<\/span><\/td>\n<td style=\"background-color: #b5cecc;\"><span style=\"color: #000000; font-size: x-small;\">88<\/span><\/td>\n<td style=\"background-color: #b5cecc;\"><span style=\"color: #000000; font-size: x-small;\">&#8211;<\/span><\/td>\n<td style=\"background-color: #b5cecc;\"><span style=\"color: #000000; font-size: x-small;\">&#8211;<\/span><\/td>\n<\/tr>\n<tr>\n<td style=\"background-color: #b5cecc;\"><span style=\"color: #000000; font-size: x-small;\">Attack-Klasse<\/span><\/td>\n<td style=\"background-color: #b5cecc;\"><span style=\"color: #000000; font-size: x-small;\">Flottenzerst\u00f6rer<\/span><\/td>\n<td style=\"background-color: #b5cecc;\"><span style=\"color: #000000; font-size: x-small;\">2344<\/span><\/td>\n<td style=\"background-color: #b5cecc;\"><span style=\"color: #000000; font-size: x-small;\">4<\/span><\/td>\n<td style=\"background-color: #b5cecc;\"><span style=\"color: #000000; font-size: x-small;\">&#8211;<\/span><\/td>\n<td style=\"background-color: #b5cecc;\"><span style=\"color: #000000; font-size: x-small;\">&#8211;<\/span><\/td>\n<\/tr>\n<tr>\n<td style=\"background-color: #b5cecc;\"><span style=\"color: #000000; font-size: x-small;\">Battler-Klasse<\/span><\/td>\n<td style=\"background-color: #b5cecc;\"><span style=\"color: #000000; font-size: x-small;\">Flottenzerst\u00f6rer<\/span><\/td>\n<td style=\"background-color: #b5cecc;\"><span style=\"color: #000000; font-size: x-small;\">2345<\/span><\/td>\n<td style=\"background-color: #b5cecc;\"><span style=\"color: #000000; font-size: x-small;\">4<\/span><\/td>\n<td style=\"background-color: #b5cecc;\"><span style=\"color: #000000; font-size: x-small;\">&#8211;<\/span><\/td>\n<td style=\"background-color: #b5cecc;\"><span style=\"color: #000000; font-size: x-small;\">&#8211;<\/span><\/td>\n<\/tr>\n<tr>\n<td style=\"background-color: #b5cecc;\"><span style=\"color: #000000; font-size: x-small;\">Conquest-Klasse<\/span><\/td>\n<td style=\"background-color: #b5cecc;\"><span style=\"color: #000000; font-size: x-small;\">Flottenzerst\u00f6rer<\/span><\/td>\n<td style=\"background-color: #b5cecc;\"><span style=\"color: #000000; font-size: x-small;\">2347\/50<\/span><\/td>\n<td style=\"background-color: #b5cecc;\"><span style=\"color: #000000; font-size: x-small;\">24<\/span><\/td>\n<td style=\"background-color: #b5cecc;\"><span style=\"color: #000000; font-size: x-small;\">&#8211;<\/span><\/td>\n<td style=\"background-color: #b5cecc;\"><span style=\"color: #000000; font-size: x-small;\">&#8211;<\/span><\/td>\n<\/tr>\n<tr>\n<td style=\"background-color: #b5cecc;\"><span style=\"color: #000000; font-size: x-small;\">Demon-Klasse<\/span><\/td>\n<td style=\"background-color: #b5cecc;\"><span style=\"color: #000000; font-size: x-small;\">Flottenzerst\u00f6rer<\/span><\/td>\n<td style=\"background-color: #b5cecc;\"><span style=\"color: #000000; font-size: x-small;\">2350\/58<\/span><\/td>\n<td style=\"background-color: #b5cecc;\"><span style=\"color: #000000; font-size: x-small;\">40<\/span><\/td>\n<td style=\"background-color: #b5cecc;\"><span style=\"color: #000000; font-size: x-small;\">12<\/span><\/td>\n<td style=\"background-color: #b5cecc;\"><span style=\"color: #000000; font-size: x-small;\">&#8211;<\/span><\/td>\n<\/tr>\n<tr>\n<td style=\"background-color: #b5cecc;\"><span style=\"color: #000000; font-size: x-small;\">Adroit-Klasse<\/span><\/td>\n<td style=\"background-color: #b5cecc;\"><span style=\"color: #000000; font-size: x-small;\">Fregatte<\/span><\/td>\n<td style=\"background-color: #b5cecc;\"><span style=\"color: #000000; font-size: x-small;\">2328\/52<\/span><\/td>\n<td style=\"background-color: #b5cecc;\"><span style=\"color: #000000; font-size: x-small;\">157<\/span><\/td>\n<td style=\"background-color: #b5cecc;\"><span style=\"color: #000000; font-size: x-small;\">&#8211;<\/span><\/td>\n<td style=\"background-color: #b5cecc;\"><span style=\"color: #000000; font-size: x-small;\">&#8211;<\/span><\/td>\n<\/tr>\n<tr>\n<td style=\"background-color: #b5cecc;\"><span style=\"color: #000000; font-size: x-small;\">Matchless-Klasse<\/span><\/td>\n<td style=\"background-color: #b5cecc;\"><span style=\"color: #000000; font-size: x-small;\">Fregatte<\/span><\/td>\n<td style=\"background-color: #b5cecc;\"><span style=\"color: #000000; font-size: x-small;\">2352\/60<\/span><\/td>\n<td style=\"background-color: #b5cecc;\"><span style=\"color: #000000; font-size: x-small;\">70<\/span><\/td>\n<td style=\"background-color: #b5cecc;\"><span style=\"color: #000000; font-size: x-small;\">12<\/span><\/td>\n<td style=\"background-color: #b5cecc;\"><span style=\"color: #000000; font-size: x-small;\">&#8211;<\/span><\/td>\n<\/tr>\n<tr>\n<td style=\"background-color: #b5cecc;\"><span style=\"color: #000000; font-size: x-small;\">Sentry-Klasse<\/span><\/td>\n<td style=\"background-color: #b5cecc;\"><span style=\"color: #000000; font-size: x-small;\">Korvetten<\/span><\/td>\n<td style=\"background-color: #b5cecc;\"><span style=\"color: #000000; font-size: x-small;\">2350\/57<\/span><\/td>\n<td style=\"background-color: #b5cecc;\"><span style=\"color: #000000; font-size: x-small;\">74<\/span><\/td>\n<td style=\"background-color: #b5cecc;\"><span style=\"color: #000000; font-size: x-small;\">10<\/span><\/td>\n<td style=\"background-color: #b5cecc;\"><span style=\"color: #000000; font-size: x-small;\">&#8211;<\/span><\/td>\n<\/tr>\n<tr>\n<td style=\"background-color: #b5cecc;\"><span style=\"color: #000000; font-size: x-small;\">Argo-Klasse<\/span><\/td>\n<td style=\"background-color: #b5cecc;\"><span style=\"color: #000000; font-size: x-small;\">Patrouillenschiffe<\/span><\/td>\n<td style=\"background-color: #b5cecc;\"><span style=\"color: #000000; font-size: x-small;\">2328\/32<\/span><\/td>\n<td style=\"background-color: #b5cecc;\"><span style=\"color: #000000; font-size: x-small;\">44<\/span><\/td>\n<td style=\"background-color: #b5cecc;\"><span style=\"color: #000000; font-size: x-small;\">&#8211;<\/span><\/td>\n<td style=\"background-color: #b5cecc;\"><span style=\"color: #000000; font-size: x-small;\">&#8211;<\/span><\/td>\n<\/tr>\n<tr>\n<td style=\"background-color: #b5cecc;\"><span style=\"color: #000000; font-size: x-small;\">Caprice-Klasse<\/span><\/td>\n<td style=\"background-color: #b5cecc;\"><span style=\"color: #000000; font-size: x-small;\">Patrouillenschiffe<\/span><\/td>\n<td style=\"background-color: #b5cecc;\"><span style=\"color: #000000; font-size: x-small;\">2334<\/span><\/td>\n<td style=\"background-color: #b5cecc;\"><span style=\"color: #000000; font-size: x-small;\">8<\/span><\/td>\n<td style=\"background-color: #b5cecc;\"><span style=\"color: #000000; font-size: x-small;\">&#8211;<\/span><\/td>\n<td style=\"background-color: #b5cecc;\"><span style=\"color: #000000; font-size: x-small;\">&#8211;<\/span><\/td>\n<\/tr>\n<tr>\n<td style=\"background-color: #b5cecc;\"><span style=\"color: #000000; font-size: x-small;\">Lively-Klasse<\/span><\/td>\n<td style=\"background-color: #b5cecc;\"><span style=\"color: #000000; font-size: x-small;\">Patrouillenschiffe<\/span><\/td>\n<td style=\"background-color: #b5cecc;\"><span style=\"color: #000000; font-size: x-small;\">2337\/44<\/span><\/td>\n<td style=\"background-color: #b5cecc;\"><span style=\"color: #000000; font-size: x-small;\">54<\/span><\/td>\n<td style=\"background-color: #b5cecc;\"><span style=\"color: #000000; font-size: x-small;\">&#8211;<\/span><\/td>\n<td style=\"background-color: #b5cecc;\"><span style=\"color: #000000; font-size: x-small;\">&#8211;<\/span><\/td>\n<\/tr>\n<tr>\n<td style=\"background-color: #b5cecc;\"><span style=\"color: #000000; font-size: x-small;\">Osiris-Klasse<\/span><\/td>\n<td style=\"background-color: #b5cecc;\"><span style=\"color: #000000; font-size: x-small;\">Patrouillenschiffe<\/span><\/td>\n<td style=\"background-color: #b5cecc;\"><span style=\"color: #000000; font-size: x-small;\">2345\/48<\/span><\/td>\n<td style=\"background-color: #b5cecc;\"><span style=\"color: #000000; font-size: x-small;\">38<\/span><\/td>\n<td style=\"background-color: #b5cecc;\"><span style=\"color: #000000; font-size: x-small;\">&#8211;<\/span><\/td>\n<td style=\"background-color: #b5cecc;\"><span style=\"color: #000000; font-size: x-small;\">&#8211;<\/span><\/td>\n<\/tr>\n<\/tbody>\n<\/table>\n<p>&nbsp;<\/p>\n","protected":false},"excerpt":{"rendered":"<p>INTERSTELLAR FRONTIER ALLIANCE (IFA): INTERSTELLARE GRENZALLIANZ Hauptdaten: Hauptsystem: Beta Comae Berenices Hauptplanet: Berenicia Hauptstadt: Newton City Politisches System: Pr\u00e4sidiale Milit\u00e4rdiktatur Gegr\u00fcndet: 17.03.2327 Einwohner: 4,26 Milliarden Menschen Kolonien\/Au\u00dfenposten: 17 Kolonien \/ 2 Au\u00dfenposten Mit dem Friedenvertrag von Altair VII war der &hellip; <a href=\"http:\/\/www.matthias-hofmann.info\/?page_id=68\">Weiterlesen <span class=\"meta-nav\">&rarr;<\/span><\/a><\/p>\n","protected":false},"author":3,"featured_media":0,"parent":64,"menu_order":2,"comment_status":"closed","ping_status":"closed","template":"sidebar-page.php","meta":{"footnotes":""},"class_list":["post-68","page","type-page","status-publish","hentry"],"_links":{"self":[{"href":"http:\/\/www.matthias-hofmann.info\/index.php?rest_route=\/wp\/v2\/pages\/68","targetHints":{"allow":["GET"]}}],"collection":[{"href":"http:\/\/www.matthias-hofmann.info\/index.php?rest_route=\/wp\/v2\/pages"}],"about":[{"href":"http:\/\/www.matthias-hofmann.info\/index.php?rest_route=\/wp\/v2\/types\/page"}],"author":[{"embeddable":true,"href":"http:\/\/www.matthias-hofmann.info\/index.php?rest_route=\/wp\/v2\/users\/3"}],"replies":[{"embeddable":true,"href":"http:\/\/www.matthias-hofmann.info\/index.php?rest_route=%2Fwp%2Fv2%2Fcomments&post=68"}],"version-history":[{"count":18,"href":"http:\/\/www.matthias-hofmann.info\/index.php?rest_route=\/wp\/v2\/pages\/68\/revisions"}],"predecessor-version":[{"id":998,"href":"http:\/\/www.matthias-hofmann.info\/index.php?rest_route=\/wp\/v2\/pages\/68\/revisions\/998"}],"up":[{"embeddable":true,"href":"http:\/\/www.matthias-hofmann.info\/index.php?rest_route=\/wp\/v2\/pages\/64"}],"wp:attachment":[{"href":"http:\/\/www.matthias-hofmann.info\/index.php?rest_route=%2Fwp%2Fv2%2Fmedia&parent=68"}],"curies":[{"name":"wp","href":"https:\/\/api.w.org\/{rel}","templated":true}]}}