{"id":64,"date":"2013-04-14T12:32:36","date_gmt":"2013-04-14T10:32:36","guid":{"rendered":"http:\/\/www.matthias-hofmann.info\/?page_id=64"},"modified":"2013-10-23T10:59:32","modified_gmt":"2013-10-23T08:59:32","slug":"menschen","status":"publish","type":"page","link":"http:\/\/www.matthias-hofmann.info\/?page_id=64","title":{"rendered":"Menschen"},"content":{"rendered":"<p style=\"text-align: justify;\">Die Menschheit hat sich in den vergangenen zweihundert Jahren \u00fcber ein Raumgebiet von f\u00fcnfzig bis sechzig Lichtjahren ausgebreitet. Doch die Menschen sind leider nicht unter einer Flagge vereinigt, sondern in mehrere Staaten geteilt, von denen die drei gro\u00dfen Staatsb\u00fcndnisse der UES, Allianz und Union die m\u00e4chtigsten sind. Daneben existiert allerdings eine Vielzahl unabh\u00e4ngiger Einzelsysteme.<\/p>\n<table border=\"0\" cellpadding=\"3\">\n<tbody>\n<tr>\n<td style=\"background-color: #113366;\"><\/td>\n<td style=\"background-color: #113366;\"><span style=\"color: #000000;\">Kolonien<\/span><\/td>\n<td style=\"background-color: #113366;\"><span style=\"color: #000000;\">Au\u00dfenposten<\/span><\/td>\n<td style=\"background-color: #113366;\"><span style=\"color: #000000;\">Neu<\/span><\/td>\n<\/tr>\n<tr>\n<td style=\"background-color: #3a4754;\"><span style=\"color: #000000;\">Unified Earth Supremacy (UES)<\/span><\/td>\n<td style=\"background-color: #3a4754;\"><span style=\"color: #000000;\">68<\/span><\/td>\n<td style=\"background-color: #3a4754;\"><span style=\"color: #000000;\">90<\/span><\/td>\n<td style=\"background-color: #3a4754;\"><span style=\"color: #000000;\">8<\/span><\/td>\n<\/tr>\n<tr>\n<td style=\"background-color: #3a4754;\"><span style=\"color: #000000;\">Interstellar Frontier Alliance (IFA)<\/span><\/td>\n<td style=\"background-color: #3a4754;\"><span style=\"color: #000000;\">17<\/span><\/td>\n<td style=\"background-color: #3a4754;\"><span style=\"color: #000000;\">2<\/span><\/td>\n<td style=\"background-color: #3a4754;\"><span style=\"color: #000000;\">-\/-<\/span><\/td>\n<\/tr>\n<tr>\n<td style=\"background-color: #3a4754;\"><span style=\"color: #000000;\">Rana-Union (RU)<\/span><\/td>\n<td style=\"background-color: #3a4754;\"><span style=\"color: #000000;\">8<\/span><\/td>\n<td style=\"background-color: #3a4754;\"><span style=\"color: #000000;\">2<\/span><\/td>\n<td style=\"background-color: #3a4754;\"><span style=\"color: #000000;\">-\/-<\/span><\/td>\n<\/tr>\n<tr>\n<td style=\"background-color: #3a4754;\"><span style=\"color: #000000;\">Freie Systeme<\/span><\/td>\n<td style=\"background-color: #3a4754;\"><span style=\"color: #000000;\">42<\/span><\/td>\n<td style=\"background-color: #3a4754;\"><span style=\"color: #000000;\">-\/-<\/span><\/td>\n<td style=\"background-color: #3a4754;\"><span style=\"color: #000000;\">-\/-<\/span><\/td>\n<\/tr>\n<tr>\n<td style=\"background-color: #3a4754;\"><span style=\"color: #000000;\">Outlaw-Kolonien<\/span><\/td>\n<td style=\"background-color: #3a4754;\"><span style=\"color: #000000;\">-\/-<\/span><\/td>\n<td style=\"background-color: #3a4754;\"><span style=\"color: #000000;\">-\/-<\/span><\/td>\n<td style=\"background-color: #3a4754;\"><span style=\"color: #000000;\">-\/-<\/span><\/td>\n<\/tr>\n<\/tbody>\n<\/table>\n","protected":false},"excerpt":{"rendered":"<p>Die Menschheit hat sich in den vergangenen zweihundert Jahren \u00fcber ein Raumgebiet von f\u00fcnfzig bis sechzig Lichtjahren ausgebreitet. Doch die Menschen sind leider nicht unter einer Flagge vereinigt, sondern in mehrere Staaten geteilt, von denen die drei gro\u00dfen Staatsb\u00fcndnisse der &hellip; <a href=\"http:\/\/www.matthias-hofmann.info\/?page_id=64\">Weiterlesen <span class=\"meta-nav\">&rarr;<\/span><\/a><\/p>\n","protected":false},"author":3,"featured_media":0,"parent":22,"menu_order":3,"comment_status":"closed","ping_status":"closed","template":"sidebar-page.php","meta":{"footnotes":""},"class_list":["post-64","page","type-page","status-publish","hentry"],"_links":{"self":[{"href":"http:\/\/www.matthias-hofmann.info\/index.php?rest_route=\/wp\/v2\/pages\/64","targetHints":{"allow":["GET"]}}],"collection":[{"href":"http:\/\/www.matthias-hofmann.info\/index.php?rest_route=\/wp\/v2\/pages"}],"about":[{"href":"http:\/\/www.matthias-hofmann.info\/index.php?rest_route=\/wp\/v2\/types\/page"}],"author":[{"embeddable":true,"href":"http:\/\/www.matthias-hofmann.info\/index.php?rest_route=\/wp\/v2\/users\/3"}],"replies":[{"embeddable":true,"href":"http:\/\/www.matthias-hofmann.info\/index.php?rest_route=%2Fwp%2Fv2%2Fcomments&post=64"}],"version-history":[{"count":6,"href":"http:\/\/www.matthias-hofmann.info\/index.php?rest_route=\/wp\/v2\/pages\/64\/revisions"}],"predecessor-version":[{"id":704,"href":"http:\/\/www.matthias-hofmann.info\/index.php?rest_route=\/wp\/v2\/pages\/64\/revisions\/704"}],"up":[{"embeddable":true,"href":"http:\/\/www.matthias-hofmann.info\/index.php?rest_route=\/wp\/v2\/pages\/22"}],"wp:attachment":[{"href":"http:\/\/www.matthias-hofmann.info\/index.php?rest_route=%2Fwp%2Fv2%2Fmedia&parent=64"}],"curies":[{"name":"wp","href":"https:\/\/api.w.org\/{rel}","templated":true}]}}