{"id":29,"date":"2013-04-14T09:50:32","date_gmt":"2013-04-14T07:50:32","guid":{"rendered":"http:\/\/www.matthias-hofmann.info\/?page_id=29"},"modified":"2013-10-23T11:01:30","modified_gmt":"2013-10-23T09:01:30","slug":"leseproben","status":"publish","type":"page","link":"http:\/\/www.matthias-hofmann.info\/?page_id=29","title":{"rendered":"Leseproben"},"content":{"rendered":"<p style=\"text-align: justify;\">Da es momentan mit <em>Sturm \u00fcber Porrima<\/em> nur einen Roman gibt, ist hier noch nicht viel los, aber hoffentlich \u00e4ndert sich dies in den n\u00e4chsten Jahren.<\/p>\n","protected":false},"excerpt":{"rendered":"<p>Da es momentan mit Sturm \u00fcber Porrima nur einen Roman gibt, ist hier noch nicht viel los, aber hoffentlich \u00e4ndert sich dies in den n\u00e4chsten Jahren.<\/p>\n","protected":false},"author":3,"featured_media":0,"parent":0,"menu_order":5,"comment_status":"closed","ping_status":"closed","template":"","meta":{"footnotes":""},"class_list":["post-29","page","type-page","status-publish","hentry"],"_links":{"self":[{"href":"http:\/\/www.matthias-hofmann.info\/index.php?rest_route=\/wp\/v2\/pages\/29","targetHints":{"allow":["GET"]}}],"collection":[{"href":"http:\/\/www.matthias-hofmann.info\/index.php?rest_route=\/wp\/v2\/pages"}],"about":[{"href":"http:\/\/www.matthias-hofmann.info\/index.php?rest_route=\/wp\/v2\/types\/page"}],"author":[{"embeddable":true,"href":"http:\/\/www.matthias-hofmann.info\/index.php?rest_route=\/wp\/v2\/users\/3"}],"replies":[{"embeddable":true,"href":"http:\/\/www.matthias-hofmann.info\/index.php?rest_route=%2Fwp%2Fv2%2Fcomments&post=29"}],"version-history":[{"count":5,"href":"http:\/\/www.matthias-hofmann.info\/index.php?rest_route=\/wp\/v2\/pages\/29\/revisions"}],"predecessor-version":[{"id":607,"href":"http:\/\/www.matthias-hofmann.info\/index.php?rest_route=\/wp\/v2\/pages\/29\/revisions\/607"}],"wp:attachment":[{"href":"http:\/\/www.matthias-hofmann.info\/index.php?rest_route=%2Fwp%2Fv2%2Fmedia&parent=29"}],"curies":[{"name":"wp","href":"https:\/\/api.w.org\/{rel}","templated":true}]}}