{"id":1198,"date":"2020-05-25T21:43:22","date_gmt":"2020-05-25T19:43:22","guid":{"rendered":"http:\/\/www.matthias-hofmann.info\/?page_id=1198"},"modified":"2020-10-13T14:41:50","modified_gmt":"2020-10-13T12:41:50","slug":"commonwealth","status":"publish","type":"page","link":"http:\/\/www.matthias-hofmann.info\/?page_id=1198","title":{"rendered":"Commonwealth"},"content":{"rendered":"<p style=\"text-align: justify;\"><span style=\"text-decoration: underline;\"><strong>Unified Interstellar Commonwealth (UIC):<\/strong><\/span><\/p>\n<table>\n<tbody>\n<tr>\n<td style=\"background-color: #a8bab4;\">Hauptsystem:<\/td>\n<td style=\"background-color: #a8bab4;\">Capella A<\/td>\n<\/tr>\n<tr>\n<td style=\"background-color: #a8bab4;\">Hauptplanet<\/td>\n<td style=\"background-color: #a8bab4;\">Concordia (Capella A-d)<\/td>\n<\/tr>\n<tr>\n<td style=\"background-color: #a8bab4;\">Hauptstadt:<\/td>\n<td style=\"background-color: #a8bab4;\">Concord City<\/td>\n<\/tr>\n<tr>\n<td style=\"background-color: #a8bab4;\">Einwohner:<\/td>\n<td style=\"background-color: #a8bab4;\">147,5 Milliarden<\/td>\n<\/tr>\n<tr>\n<td style=\"background-color: #a8bab4;\">Systeme:<\/td>\n<td style=\"background-color: #a8bab4;\">1.122 Systeme\/Au\u00dfenposten<\/td>\n<\/tr>\n<tr>\n<td style=\"background-color: #a8bab4;\">Mitglieder:<\/td>\n<td style=\"background-color: #a8bab4;\">Menschen, N&#8217;dari, Kadon, Vadai, Siral, Xe&#8217;Tora<\/td>\n<\/tr>\n<tr>\n<td style=\"background-color: #a8bab4;\">Beobachter:<\/td>\n<td style=\"background-color: #a8bab4;\">Sidani, Tengai<\/td>\n<\/tr>\n<\/tbody>\n<\/table>\n<table>\n<tbody>\n<tr>\n<td style=\"background-color: #2fc4c2;\"><strong>Volk<\/strong><\/td>\n<td style=\"background-color: #2fc4c2;\"><strong>Bezeichnung<\/strong><\/td>\n<td style=\"background-color: #2fc4c2;\"><strong>Hauptplanet<\/strong><\/td>\n<td style=\"background-color: #2fc4c2;\"><strong>Hauptstadt<\/strong><\/td>\n<\/tr>\n<tr>\n<td style=\"background-color: #a8bab4;\">Menschen<\/td>\n<td style=\"background-color: #a8bab4;\">Unified Interstellar Commonwealth<\/td>\n<td style=\"background-color: #a8bab4;\">Concordia<\/td>\n<td style=\"background-color: #a8bab4;\">Concord City<\/td>\n<\/tr>\n<tr>\n<td style=\"background-color: #a8bab4;\">N&#8217;dari<\/td>\n<td style=\"background-color: #a8bab4;\">\u00a0Dai&#8217;Rel-Naragan<\/td>\n<td style=\"background-color: #a8bab4;\">Narai-Kor<\/td>\n<td style=\"background-color: #a8bab4;\">Narai-Van<\/td>\n<\/tr>\n<tr>\n<td style=\"background-color: #a8bab4;\">Kadon<\/td>\n<td style=\"background-color: #a8bab4;\">\u00a0Kadisa-Qarentan<\/td>\n<td style=\"background-color: #a8bab4;\">Karesha<\/td>\n<td style=\"background-color: #a8bab4;\">Karesha Qad<\/td>\n<\/tr>\n<tr>\n<td style=\"background-color: #a8bab4;\">Siral<\/td>\n<td style=\"background-color: #a8bab4;\">\u00a0Tir-Sintalis<\/td>\n<td style=\"background-color: #a8bab4;\">Sigalis<\/td>\n<td style=\"background-color: #a8bab4;\">Sigalis<\/td>\n<\/tr>\n<tr>\n<td style=\"background-color: #a8bab4;\">Vadai<\/td>\n<td style=\"background-color: #a8bab4;\">\u00a0Tazoria<\/td>\n<td style=\"background-color: #a8bab4;\">Tazor-Varun<\/td>\n<td style=\"background-color: #a8bab4;\">Tazor-Varun-Zir<\/td>\n<\/tr>\n<tr>\n<td style=\"background-color: #a8bab4;\">Xe&#8217;Tora<\/td>\n<td style=\"background-color: #a8bab4;\">\u00a0Xan&#8217;San&#8217;Ren<\/td>\n<td style=\"background-color: #a8bab4;\">Xen&#8217;Avar<\/td>\n<td style=\"background-color: #a8bab4;\">Xen&#8217;Avar-Ran<\/td>\n<\/tr>\n<tr>\n<td style=\"background-color: #a8bab4;\">Sidani<\/td>\n<td style=\"background-color: #a8bab4;\">\u00a0Na&#8217;Sivelin<\/td>\n<td style=\"background-color: #a8bab4;\">Seral&#8217;Vir<\/td>\n<td style=\"background-color: #a8bab4;\">Ma-Seral<\/td>\n<\/tr>\n<tr>\n<td style=\"background-color: #a8bab4;\">Tengai<\/td>\n<td style=\"background-color: #a8bab4;\">\u00a0Kalan-Tan-Tavani<\/td>\n<td style=\"background-color: #a8bab4;\">Tengani<\/td>\n<td style=\"background-color: #a8bab4;\">Tengan-Tar<\/td>\n<\/tr>\n<\/tbody>\n<\/table>\n<p style=\"text-align: justify;\">Das Vereinigte Interstellare Commonwealth<strong> [Unifed Interstellar Commonwealth; UIC]<\/strong> wurde auf Initiative von Sarah Hancock hin 2358 von den sogenannten Fed-Systemen der UES gegr\u00fcndet, die damals gegen die Nationalisten von der Erde im Krieg standen. Z\u00fcgig schlossen sich dem Commonwealth die blockfreien Systeme an, die teilweise bereits in der sogenannten Liga vereinigt waren. Bereits im Vorfeld konnte 2357 die Rana-Union niedergerungen werden, 2358 auch die Allianz und 2359 schlie\u00dflich sogar die Erde, was gleichzeitig auch das Ende des B\u00fcrgerkriegs von 56\/59 bedeutete.<\/p>\n<p style=\"text-align: justify;\">Von vorneherein war das Commonwealth nicht allein auf die Menschen als Mitgliedsvolk beschr\u00e4nkt, weswegen sich die N&#8217;dari und die eng mit ihnen verbundenen V\u00f6lker der Vadai und Siral rasch dem Commonwealth anschlossen. Das von den Yargon hart bedr\u00e4ngte Imperium der Kadon folgte bald, und auch die Xe&#8217;Tora vollzogen diesen Schritt schon kurz nach Gr\u00fcndung des Commonwealth.<\/p>\n<p style=\"text-align: justify;\">Mit Aufnahme der Kadon erbte das Commonwealth allerdings deren Feindschaft mit dem Triumvirat der m\u00e4chtigen Yargon. Auch zu dem Vorionischen Imperium bestehen praktisch weiterhin keinerlei diplomatische Beziehungen. Nur \u00fcber das Volk der Azawi, die ein Protektorat der Vorioner sind, bestehen wenigstens Handelsbeziehungen. Kaum diplomatische Kontakte bestehen auch nicht zu den V\u00f6lkern der Na-Renya, Meyal und Arakhan.<\/p>\n<p style=\"text-align: justify;\">Positiv ist allerdings die Entwicklung zu den anderen beiden m\u00e4chtigen V\u00f6lkern im bekannten Raumgbebiet, den Sidani und Tengai. Beide V\u00f6lker haben inzwischen die Position von Beobachtern eingenommen, und die Hoffnung ist gro\u00df, das beide V\u00f6lker in absehbarer Zeit zu Vollmitgliedern des Commonwealth avancieren.<\/p>\n<table>\n<tbody>\n<tr>\n<td style=\"background-color: #2fc4c2;\" colspan=\"4\"><em><strong>Feste Mitglieder<\/strong><\/em><\/td>\n<\/tr>\n<tr>\n<td style=\"background-color: #2fc4c2;\"><strong>Jahr<\/strong><\/td>\n<td style=\"background-color: #2fc4c2;\"><strong>Volk<\/strong><\/td>\n<td style=\"background-color: #2fc4c2;\"><strong>Organisation<\/strong><\/td>\n<td style=\"background-color: #2fc4c2;\"><strong>Hauptstadt<\/strong><\/td>\n<\/tr>\n<tr>\n<td style=\"background-color: #a8bab4;\">2358<\/td>\n<td style=\"background-color: #a8bab4;\">Menschen<\/td>\n<td style=\"background-color: #a8bab4;\">United Human Republics (UHR)<\/td>\n<td style=\"background-color: #a8bab4;\">Erde, Geneva<\/td>\n<\/tr>\n<tr>\n<td style=\"background-color: #a8bab4;\">2358<\/td>\n<td style=\"background-color: #a8bab4;\">N&#8217;dari<\/td>\n<td style=\"background-color: #a8bab4;\">N&#8217;dari Matriarchy (NDM)<\/td>\n<td style=\"background-color: #a8bab4;\">Narai, Endaria<\/td>\n<\/tr>\n<tr>\n<td style=\"background-color: #a8bab4;\">2359<\/td>\n<td style=\"background-color: #a8bab4;\">Vadai<\/td>\n<td style=\"background-color: #a8bab4;\">Vadai-Alliance (VA)<\/td>\n<td style=\"background-color: #a8bab4;\">Vara, V&#8217;tyr<\/td>\n<\/tr>\n<tr>\n<td style=\"background-color: #a8bab4;\">2359<\/td>\n<td style=\"background-color: #a8bab4;\">Siral<\/td>\n<td style=\"background-color: #a8bab4;\">Siral-Republics (SR)<\/td>\n<td style=\"background-color: #a8bab4;\">Sira, Larion<\/td>\n<\/tr>\n<tr>\n<td style=\"background-color: #a8bab4;\">2359<\/td>\n<td style=\"background-color: #a8bab4;\">Kadon<\/td>\n<td style=\"background-color: #a8bab4;\">Kadon Empire (KE)<\/td>\n<td style=\"background-color: #a8bab4;\">Qadema, Karendan<\/td>\n<\/tr>\n<tr>\n<td style=\"background-color: #a8bab4;\">2360<\/td>\n<td style=\"background-color: #a8bab4;\">Xe&#8217;Tora<\/td>\n<td style=\"background-color: #a8bab4;\">Xe&#8217;Tora-Union (XU)<\/td>\n<td style=\"background-color: #a8bab4;\">Toria, Xe-Xe<\/td>\n<\/tr>\n<tr>\n<td style=\"background-color: #2fc4c2;\" colspan=\"4\"><em><strong>Beobachter<\/strong><\/em><\/td>\n<\/tr>\n<tr>\n<td style=\"background-color: #a8bab4;\">2392<\/td>\n<td style=\"background-color: #a8bab4;\">Sidani<\/td>\n<td style=\"background-color: #a8bab4;\">Sidani-Federation (SF)<\/td>\n<td style=\"background-color: #a8bab4;\">Sidanis, Sar&#8217;tanis<\/td>\n<\/tr>\n<tr>\n<td style=\"background-color: #a8bab4;\">2400<\/td>\n<td style=\"background-color: #a8bab4;\">Tengai<\/td>\n<td style=\"background-color: #a8bab4;\">Tengai-Confederacy (TC)<\/td>\n<td style=\"background-color: #a8bab4;\">Tengan,<\/td>\n<\/tr>\n<\/tbody>\n<\/table>\n<p style=\"text-align: justify;\"><strong><span style=\"text-decoration: underline;\">Staatsoberh\u00e4upter:<\/span><\/strong><\/p>\n<table>\n<tbody>\n<tr>\n<td style=\"background-color: #2fc4c2;\"><strong>Name<\/strong><\/td>\n<td style=\"background-color: #2fc4c2;\"><strong>Volk<\/strong><\/td>\n<td style=\"background-color: #2fc4c2;\"><strong>Regierungszeit<\/strong><\/td>\n<\/tr>\n<tr>\n<td style=\"background-color: #a8bab4;\">Sarah Hancock-Rash&#8217;Nir<\/td>\n<td style=\"background-color: #a8bab4;\">Menschen (UHR)<\/td>\n<td style=\"background-color: #a8bab4;\">2358 &#8211; 2375<\/td>\n<\/tr>\n<tr>\n<td style=\"background-color: #a8bab4;\">Lelana Ta&#8217;Lor<\/td>\n<td style=\"background-color: #a8bab4;\">N&#8217;dari<\/td>\n<td style=\"background-color: #a8bab4;\">2375 &#8211; 2385<\/td>\n<\/tr>\n<tr>\n<td style=\"background-color: #a8bab4;\">Veyrun-an-Teruna<\/td>\n<td style=\"background-color: #a8bab4;\">Kadon<\/td>\n<td style=\"background-color: #a8bab4;\">2385 &#8211; 2400<\/td>\n<\/tr>\n<tr>\n<td style=\"background-color: #a8bab4;\">Tera Nor<\/td>\n<td style=\"background-color: #a8bab4;\">Siral<\/td>\n<td style=\"background-color: #a8bab4;\">seit 2400<\/td>\n<\/tr>\n<\/tbody>\n<\/table>\n<p style=\"text-align: justify;\">Gew\u00e4hlt wird das Staatsoberhaupt auf f\u00fcnf Jahre f\u00fcr maximal drei Amtszeiten. Parteien gibt es nicht, sondern nur das Mitgliedsvolk in seiner Gesamtheit ist von Bedeutung. Dem Staatsoberhaupt steht ein sogenannter Kleiner Rat von jeweils einem hochrangigen Vertreter der Mitgliedsv\u00f6lker zur Seite, die wiederum aus den Reihen des Commonwealth-Parlaments stammen, dessen Abgeordnete alle den Status eines Senators\/Senatorin haben.<\/p>\n<p style=\"text-align: justify;\">Die Mitglieder des Kleinen Rates stehen dabei ihren jeweiligen Abgeordneten im Parlament vor. Sie k\u00f6nnen nicht allein Entscheidungen treffen und m\u00fcssen diese erst gemeinsam im Parlament mit den Senatoren<strong>,<\/strong> die wiederum von ihren jeweiligen Heimatsystemen (UHR) instruiert werden, treffen. Die einmal getroffene Entscheidung zu verschiedenen Themen m\u00fcssen dann im Anschluss im Kleinen Rat beratschlagt werden, wo dann eine einfache Mehrheit reicht. Die einmal getroffene Entscheidung ist f\u00fcr alle Mitgliedsv\u00f6lker des Commonwealth bindend.<\/p>\n<p style=\"text-align: justify;\">Die Staatsoberh\u00e4upter wechseln sich nach der Reihenfolge der Aufnahme des jeweiligen Mitgliedsvolkes in das Commonwealth ab. So kann kein Volk zwei Vertreter nacheinander f\u00fcr diesen Posten stellen. Mit Hancock-Rash&#8217;Nir machten die Menschen den Anfang. Gefolgt von Narina-Tai Lelana Ta&#8217;Lor von den N&#8217;dari. Obwohl Siral und Vadai noch vor den Kadon in das Commonwealth eingetreten waren, gab man aufgrund deren N\u00e4he zu den N&#8217;dari, den Kadon den Vorzug. Aktuell [2400], hat mit Tera Nor eine Siral den Posten des Commonwealth-Oberhauptes inne, die maximal bis zum Jahr 2410 regieren kann, sofern sie sich 2405 zur Wiederwahl stellen sollte. Auf sie wird aber so oder so ein Vertreter beziehungsweise eine Vertreterin von den Vadai folgen. Und auf diese wiederum ein\/eine Xe&#8217;Tora, bevor wieder die Menschheit das Staatsoberhaupt stellen wird.<\/p>\n<p style=\"text-align: justify;\"><span style=\"text-decoration: underline;\"><strong>Concordia\/Commonwealth Capital Territory (Capella A\/B-Systeme):<\/strong><\/span><br \/>\nDer erste provisorische Sitz des Commonwealth war die Caledonia-2-Raumstation in der Umlaufbahn des Planeten Orion V im System Pi\u00b3Orionis, dem Hauptsystem der Feds. Mit Eintritt des Kadon-Imperiums 2359 bieten diese Capella (Karon) als eine Art Mitgift\/Geschenk f\u00fcr die Aufnahme in das Commonwealth an.<\/p>\n<p style=\"text-align: justify;\">Dem System kommt eine ganz besondere historische Bedeutung zu, denn 2237 stellten hier die Menschen zum\u00a0 ersten Mal einen Erstkontakt mit einem au\u00dferirdischen Volk her, den Kadon.<\/p>\n<p style=\"text-align: justify;\">F\u00fcr die Kadon war die Karon-Kolonie nur eine kleine und nachrangige Siedlung in der nur einige zehntausend Kadon lebten. Hinzu kam,\u00a0 dasss auch nur Capella-B kolonisiert wurde, w\u00e4hrend Capella A nur von einigen Aufkl\u00e4rungssatelliten gesichert wurde. Unter diesen Umst\u00e4nden war es f\u00fcr das Imperium ein leichtes, das System an das Commonwealth abzutreten. Der \u00fcberwiegende Teil, der dort lebenden Kadon zog es dann auch vor, auf das Territorium des Imperiums zur\u00fcckzukehren.<\/p>\n<p style=\"text-align: justify;\">Capella A wurde als Hauptsystem des Commonwealth auserkoren und der dritte Planet als Sitz des Interstellaren Commonwealth festgelegt, der den Namen Concordia (Eintracht) erhielt. Der Ort war ideal gew\u00e4hlt, denn Capella grenzt an die Raumgebiete der Menschen, N&#8217;dari, Kadon und Xe&#8217;Tora, womit Capella nicht nur das politische Zentrum, sondern auch das geografische Zentrum der UIC ist.<\/p>\n<p style=\"text-align: justify;\">Das System ist auch das einzige, das direkt vom Commonwealth kontrolliert wird.<\/p>\n<p style=\"text-align: justify;\"><span style=\"text-decoration: underline;\"><strong>Milit\u00e4r:<\/strong><\/span><br \/>\nJedes Mitgliedsvolk des Commonwealth unterh\u00e4lt seine eigenen Milit\u00e4rkr\u00e4fte, wobei sie im Falle eines Krieges zur gegenseitigen Unterst\u00fctzung verpflichtet sind. Damit dies im Bedarfsfall reibungslos funktioniert, werden regelm\u00e4\u00dfig gemeinsame Man\u00f6ver durchgef\u00fchrt, aber auch Austauschprogramme von Offizieren und Mannschaften, um ein besseres gegenseitiges Verst\u00e4ndnis zu generieren. Langfristig ist ohnehin eine vollst\u00e4ndige Zusammenlegung aller Teilstreitkr\u00e4fte vorgesehen, doch wird dies noch beinahe mehr als hundert Jahre &#8211; oder l\u00e4nger &#8211; in Anspruch nehmen.<\/p>\n<p style=\"text-align: justify;\">Das Oberkommando des Commonwealth, dass seinen Sitz auf Concordia im Capella-System hat, verf\u00fcgt daher nicht \u00fcber eigene Raumstreitkr\u00e4fte. Den Schutz des Systems \u00fcbernehmen Detachments aller Mitgliedsv\u00f6lker. Im Kriegsfall \u00fcbernimmt UCAF Command allerdings den Gesamtoberbefehl \u00fcber alle Streitkr\u00e4fte der Mitgliedsv\u00f6lker des Commonwealth, was nicht weiter schwierig sein sollte, denn die Mitglieder von UCAF Command sind im allgemeinen hochangesehene Milit\u00e4rs aller Mitgliedsv\u00f6lker.<\/p>\n<p><em><span style=\"text-decoration: underline;\"><strong>Raumstreitkr\u00e4fte des Commonwealth (2400):<\/strong><\/span><\/em><\/p>\n<table style=\"width: 584px;\">\n<tbody>\n<tr>\n<td style=\"width: 78px; background-color: #2fc4c2;\"><strong>Volk<\/strong><\/td>\n<td style=\"width: 78px; background-color: #2fc4c2;\"><strong>BB<\/strong><\/td>\n<td style=\"width: 78px; background-color: #2fc4c2;\"><strong>CB<\/strong><\/td>\n<td style=\"width: 78px; background-color: #2fc4c2;\"><strong>CS<\/strong><\/td>\n<td style=\"width: 78px; background-color: #2fc4c2;\"><strong>CA<\/strong><\/td>\n<td style=\"width: 78px; background-color: #2fc4c2;\"><strong>CT<\/strong><\/td>\n<td style=\"width: 78px; background-color: #2fc4c2;\"><strong>DD<\/strong><\/td>\n<td style=\"width: 78px; background-color: #2fc4c2;\"><strong>FF<\/strong><\/td>\n<td style=\"width: 78px; background-color: #2fc4c2;\"><strong>Total<\/strong><\/td>\n<\/tr>\n<tr>\n<td style=\"width: 78px; background-color: #2fc4c2;\">UHR<\/td>\n<td style=\"width: 39px; background-color: #a8bab4;\">86<\/td>\n<td style=\"width: 39px; background-color: #a8bab4;\">174<\/td>\n<td style=\"width: 39px; background-color: #a8bab4;\">170<\/td>\n<td style=\"width: 39px; background-color: #a8bab4;\">240<\/td>\n<td style=\"width: 39px; background-color: #a8bab4;\">214<\/td>\n<td style=\"width: 39px; background-color: #a8bab4;\">554<\/td>\n<td style=\"width: 39px; background-color: #a8bab4;\">2.002<\/td>\n<td style=\"width: 78px; background-color: #2fc4c2;\"><strong>3.440<\/strong><\/td>\n<\/tr>\n<tr>\n<td style=\"width: 78px; background-color: #2fc4c2;\">N&#8217;dari<\/td>\n<td style=\"width: 39px; background-color: #a8bab4;\">48<\/td>\n<td style=\"width: 39px; background-color: #a8bab4;\">88<\/td>\n<td style=\"width: 39px; background-color: #a8bab4;\">90<\/td>\n<td style=\"width: 39px; background-color: #a8bab4;\">124<\/td>\n<td style=\"width: 39px; background-color: #a8bab4;\">52<\/td>\n<td style=\"width: 39px; background-color: #a8bab4;\">252<\/td>\n<td style=\"width: 39px; background-color: #a8bab4;\">356<\/td>\n<td style=\"width: 78px; background-color: #2fc4c2;\"><strong>1.010<\/strong><\/td>\n<\/tr>\n<tr>\n<td style=\"width: 78px; background-color: #2fc4c2;\">Kadon<\/td>\n<td style=\"width: 39px; background-color: #a8bab4;\">68<\/td>\n<td style=\"width: 39px; background-color: #a8bab4;\">144<\/td>\n<td style=\"width: 39px; background-color: #a8bab4;\">58<\/td>\n<td style=\"width: 39px; background-color: #a8bab4;\">290<\/td>\n<td style=\"width: 39px; background-color: #a8bab4;\">120<\/td>\n<td style=\"width: 39px; background-color: #a8bab4;\">610<\/td>\n<td style=\"width: 39px; background-color: #a8bab4;\">1.400<\/td>\n<td style=\"width: 78px; background-color: #2fc4c2;\"><strong>2.690<\/strong><\/td>\n<\/tr>\n<tr>\n<td style=\"width: 78px; background-color: #2fc4c2;\">Vadai<\/td>\n<td style=\"width: 39px; background-color: #a8bab4;\">24<\/td>\n<td style=\"width: 39px; background-color: #a8bab4;\">32<\/td>\n<td style=\"width: 39px; background-color: #a8bab4;\">-\/-<\/td>\n<td style=\"width: 39px; background-color: #a8bab4;\">78<\/td>\n<td style=\"width: 39px; background-color: #a8bab4;\">24<\/td>\n<td style=\"width: 39px; background-color: #a8bab4;\">190<\/td>\n<td style=\"width: 39px; background-color: #a8bab4;\">320<\/td>\n<td style=\"width: 78px; background-color: #2fc4c2;\"><strong>668<\/strong><\/td>\n<\/tr>\n<tr>\n<td style=\"width: 78px; background-color: #2fc4c2;\">Siral<\/td>\n<td style=\"width: 39px; background-color: #a8bab4;\">18<\/td>\n<td style=\"width: 39px; background-color: #a8bab4;\">26<\/td>\n<td style=\"width: 39px; background-color: #a8bab4;\">14<\/td>\n<td style=\"width: 39px; background-color: #a8bab4;\">54<\/td>\n<td style=\"width: 39px; background-color: #a8bab4;\">24<\/td>\n<td style=\"width: 39px; background-color: #a8bab4;\">114<\/td>\n<td style=\"width: 39px; background-color: #a8bab4;\">228<\/td>\n<td style=\"width: 78px; background-color: #2fc4c2;\"><strong>478<\/strong><\/td>\n<\/tr>\n<tr>\n<td style=\"width: 78px; background-color: #2fc4c2;\">XU<\/td>\n<td style=\"width: 39px; background-color: #a8bab4;\">62<\/td>\n<td style=\"width: 39px; background-color: #a8bab4;\">110<\/td>\n<td style=\"width: 39px; background-color: #a8bab4;\">118<\/td>\n<td style=\"width: 39px; background-color: #a8bab4;\">320<\/td>\n<td style=\"width: 39px; background-color: #a8bab4;\">180<\/td>\n<td style=\"width: 39px; background-color: #a8bab4;\">498<\/td>\n<td style=\"width: 39px; background-color: #a8bab4;\">1.520<\/td>\n<td style=\"width: 78px; background-color: #2fc4c2;\"><strong>2.808<\/strong><\/td>\n<\/tr>\n<tr>\n<td style=\"width: 78px; background-color: #2fc4c2;\"><strong>Total:<\/strong><\/td>\n<td style=\"width: 39px; background-color: #2fc4c2;\"><strong>396<\/strong><\/td>\n<td style=\"width: 39px; background-color: #2fc4c2;\"><strong>574<\/strong><\/td>\n<td style=\"width: 39px; background-color: #2fc4c2;\"><strong>450<\/strong><\/td>\n<td style=\"width: 39px; background-color: #2fc4c2;\"><strong>1.106<\/strong><\/td>\n<td style=\"width: 39px; background-color: #2fc4c2;\"><strong>614<\/strong><\/td>\n<td style=\"width: 39px; background-color: #2fc4c2;\"><strong>2.218<\/strong><\/td>\n<td style=\"width: 39px; background-color: #2fc4c2;\"><strong>5.826<\/strong><\/td>\n<td style=\"width: 39px; background-color: #2fc4c2;\"><strong>11.094<\/strong><\/td>\n<\/tr>\n<\/tbody>\n<\/table>\n<p style=\"text-align: justify;\">Die Menschen, Xe&#8217;Tora und Kadon stellen die zahlenm\u00e4\u00dfig gr\u00f6\u00dften Flotten des Commonwealth, was nicht verwundert, denn diese drei V\u00f6lker verf\u00fcgen auch \u00fcber die meisten bewohnten Systeme. N&#8217;dari, Vadai und Siral folgen auf den Pl\u00e4tzen, doch bilden sie ohnehin einen eigenen gemeinsamen Block, da sich die N&#8217;dari schon seit den Tagen der Varanghul-Invasion als Schutzmacht der Vadai und Siral verstehen.<\/p>\n<p style=\"text-align: justify;\">Im Ernstfall kann das Commonwealth eine Raumflotte von \u00fcber 11.000 Raumschiffen mobilisieren und auf das Feld f\u00fchren, womit das Commonwealth eine milit\u00e4rische Supermacht in den bekannten Raumgebieten darstellt. Einzig die Sidani und wom\u00f6glich auch die Vorioner verf\u00fcgen \u00fcber \u00e4hnlich starke oder gar \u00fcberlegene Raumstreitkr\u00e4fte. Die Yargon hingegen haben an Boden verloren und wurden in die Defensive gedr\u00e4ngt, was vor allem den bis zu ihren Eintritt in das Commonwealth hart bedr\u00e4ngten Kadon zugute kam.<\/p>\n<p style=\"text-align: justify;\">Aber nat\u00fcrlich ist dem Oberkommando des Commonwealth bekannt, das die Flotte zwar sehr kampfstark ist, aber auch alle Probleme einer B\u00fcndnisflotte in sich birgt. Das hei\u00dft, das Commonwealth ist nur dann wirklich widerstandsf\u00e4hig, wenn alle Mitglieder treu und felsenfest zueinander stehen. Gibt auch nur ein Mitgliedsvolk nach, dann ger\u00e4t das ganze System zwangsl\u00e4ufig ins wanken. Durch intensive Man\u00f6ver und Austauschprogramme, will das Commonwealth so einer m\u00f6glichen Entwicklung daher schon im Vorfeld entgegenwirken.<\/p>\n","protected":false},"excerpt":{"rendered":"<p>Unified Interstellar Commonwealth (UIC): Hauptsystem: Capella A Hauptplanet Concordia (Capella A-d) Hauptstadt: Concord City Einwohner: 147,5 Milliarden Systeme: 1.122 Systeme\/Au\u00dfenposten Mitglieder: Menschen, N&#8217;dari, Kadon, Vadai, Siral, Xe&#8217;Tora Beobachter: Sidani, Tengai Volk Bezeichnung Hauptplanet Hauptstadt Menschen Unified Interstellar Commonwealth Concordia Concord &hellip; <a href=\"http:\/\/www.matthias-hofmann.info\/?page_id=1198\">Weiterlesen <span class=\"meta-nav\">&rarr;<\/span><\/a><\/p>\n","protected":false},"author":3,"featured_media":0,"parent":22,"menu_order":5,"comment_status":"closed","ping_status":"closed","template":"sidebar-page.php","meta":{"footnotes":""},"class_list":["post-1198","page","type-page","status-publish","hentry"],"_links":{"self":[{"href":"http:\/\/www.matthias-hofmann.info\/index.php?rest_route=\/wp\/v2\/pages\/1198","targetHints":{"allow":["GET"]}}],"collection":[{"href":"http:\/\/www.matthias-hofmann.info\/index.php?rest_route=\/wp\/v2\/pages"}],"about":[{"href":"http:\/\/www.matthias-hofmann.info\/index.php?rest_route=\/wp\/v2\/types\/page"}],"author":[{"embeddable":true,"href":"http:\/\/www.matthias-hofmann.info\/index.php?rest_route=\/wp\/v2\/users\/3"}],"replies":[{"embeddable":true,"href":"http:\/\/www.matthias-hofmann.info\/index.php?rest_route=%2Fwp%2Fv2%2Fcomments&post=1198"}],"version-history":[{"count":14,"href":"http:\/\/www.matthias-hofmann.info\/index.php?rest_route=\/wp\/v2\/pages\/1198\/revisions"}],"predecessor-version":[{"id":1318,"href":"http:\/\/www.matthias-hofmann.info\/index.php?rest_route=\/wp\/v2\/pages\/1198\/revisions\/1318"}],"up":[{"embeddable":true,"href":"http:\/\/www.matthias-hofmann.info\/index.php?rest_route=\/wp\/v2\/pages\/22"}],"wp:attachment":[{"href":"http:\/\/www.matthias-hofmann.info\/index.php?rest_route=%2Fwp%2Fv2%2Fmedia&parent=1198"}],"curies":[{"name":"wp","href":"https:\/\/api.w.org\/{rel}","templated":true}]}}