{"id":10,"date":"2013-04-14T09:10:58","date_gmt":"2013-04-14T07:10:58","guid":{"rendered":"http:\/\/www.matthias-hofmann.info\/?page_id=10"},"modified":"2025-12-08T23:12:52","modified_gmt":"2025-12-08T21:12:52","slug":"infos","status":"publish","type":"page","link":"http:\/\/www.matthias-hofmann.info\/?page_id=10","title":{"rendered":"\u00dcber mich"},"content":{"rendered":"<p style=\"text-align: justify;\"><img loading=\"lazy\" decoding=\"async\" class=\"alignright size-full wp-image-442\" src=\"http:\/\/www.matthias-hofmann.info\/wp-content\/uploads\/2013\/08\/MH001-n1.png\" alt=\"MH001-n1\" width=\"200\" height=\"291\" \/> Ich wurde am 13.02.1976 in Th\u00fcringen geboren, wo ich gegenw\u00e4rtig auch noch immer wohne.<\/p>\n<p style=\"text-align: justify;\">Fr\u00fch habe ich mein besonderes Interesse f\u00fcr Geschichte und maritime Themen entdeckt, wobei der milit\u00e4rhistorische Aspekt schon immer eine etwas gr\u00f6\u00dfere Gewichtung inne hatte.<\/p>\n<p style=\"text-align: justify;\">Lesen tue ich sehr gerne, doch Romane haben mich zu Beginn kaum interessiert, denn sach- und fachspezifische Literatur zu den Themen Schiffe sowie Welt- und Milit\u00e4rgeschichte (bei Letzterem See- wie Landkrieg), aber auch Milit\u00e4rtechnik &#8211; auf diesen Gebieten wollte ich einfach vieles wissen.<\/p>\n<p style=\"text-align: justify;\">Weiterhin hatte ich auch schon immer ein Faible f\u00fcr Science-Fiction. Zwar nicht in Buchform, aber doch in Form von Kinofilmen, TV-Serien und Computerspielen. Gerade die Serien der neunziger Jahre des vergangenen Jahrhunderts haben auf mich einen bleibenden Eindruck hinterlassen.<\/p>\n<p style=\"text-align: justify;\">Neben <em>Star Trek: The Next Generation<\/em> und <em>Star Trek: Deep Space Nine<\/em> hat vor allem die Serie <em>Babylon 5<\/em> einen bleibenden Eindruck hinterlassen. Ein Teil von B5 ist tats\u00e4chlich die Inspiration f\u00fcr die Romane der Macht-und-Freiheit-Reihe gewesen.<\/p>\n<p>Neben Star Trek und B5 sehe ich nat\u00fcrlich auch Star Wars, auch wenn die neueren Sachen &#8211; au\u00dfer <em>Andor<\/em> &#8211; mich nicht gerade sehr \u00fcberzeugen. Ein echtes Highlight der letzten Jahre ist sicherlich die Serie <em>The Expanse<\/em>, wobei mir die TV-Serie besser gefallen hat als die Buchreihe selbst.<\/p>\n<p>Auch bin ich ein Fan der Mass-Effect-Reihe, wobei mich allerdings das Ende des dritten Teils schwer entt\u00e4uscht hatte. Sowas wird es bei mir nie geben. Entt\u00e4uscht bin ich auch von der Performance von <em>Star Trek: Strange New Worlds<\/em>. Nach einer guten ersten Staffel, einer mittelpr\u00e4chtigen zweiten, war die dritte leider ein totaler Reinfall. Da hat mir so richtig gar keine Folge gefallen. Schade!<\/p>\n<p>Derzeit hoffe ich darauf, das <em>The Expanse<\/em> doch noch fortgesetzt wird, und die verbliebenden drei B\u00fccher noch verfilmt werden.<\/p>\n<p>Matthias Hofmann<\/p>\n","protected":false},"excerpt":{"rendered":"<p>Ich wurde am 13.02.1976 in Th\u00fcringen geboren, wo ich gegenw\u00e4rtig auch noch immer wohne. Fr\u00fch habe ich mein besonderes Interesse f\u00fcr Geschichte und maritime Themen entdeckt, wobei der milit\u00e4rhistorische Aspekt schon immer eine etwas gr\u00f6\u00dfere Gewichtung inne hatte. Lesen tue &hellip; <a href=\"http:\/\/www.matthias-hofmann.info\/?page_id=10\">Weiterlesen <span class=\"meta-nav\">&rarr;<\/span><\/a><\/p>\n","protected":false},"author":3,"featured_media":0,"parent":0,"menu_order":2,"comment_status":"closed","ping_status":"closed","template":"","meta":{"footnotes":""},"class_list":["post-10","page","type-page","status-publish","hentry"],"_links":{"self":[{"href":"http:\/\/www.matthias-hofmann.info\/index.php?rest_route=\/wp\/v2\/pages\/10","targetHints":{"allow":["GET"]}}],"collection":[{"href":"http:\/\/www.matthias-hofmann.info\/index.php?rest_route=\/wp\/v2\/pages"}],"about":[{"href":"http:\/\/www.matthias-hofmann.info\/index.php?rest_route=\/wp\/v2\/types\/page"}],"author":[{"embeddable":true,"href":"http:\/\/www.matthias-hofmann.info\/index.php?rest_route=\/wp\/v2\/users\/3"}],"replies":[{"embeddable":true,"href":"http:\/\/www.matthias-hofmann.info\/index.php?rest_route=%2Fwp%2Fv2%2Fcomments&post=10"}],"version-history":[{"count":23,"href":"http:\/\/www.matthias-hofmann.info\/index.php?rest_route=\/wp\/v2\/pages\/10\/revisions"}],"predecessor-version":[{"id":1366,"href":"http:\/\/www.matthias-hofmann.info\/index.php?rest_route=\/wp\/v2\/pages\/10\/revisions\/1366"}],"wp:attachment":[{"href":"http:\/\/www.matthias-hofmann.info\/index.php?rest_route=%2Fwp%2Fv2%2Fmedia&parent=10"}],"curies":[{"name":"wp","href":"https:\/\/api.w.org\/{rel}","templated":true}]}}